{"id":214,"date":"2018-05-14T12:17:45","date_gmt":"2018-05-14T12:17:45","guid":{"rendered":"http:\/\/revolution.fuelthemes.net\/revolution-architecture\/?page_id=11"},"modified":"2025-12-15T16:56:17","modified_gmt":"2025-12-15T16:56:17","slug":"home","status":"publish","type":"page","link":"https:\/\/www.bosphoruscity.net\/tr\/","title":{"rendered":"Anasayfa"},"content":{"rendered":"[vc_row thb_full_width=&#8221;true&#8221; thb_row_padding=&#8221;true&#8221; thb_column_padding=&#8221;true&#8221;][vc_column][vc_empty_space height=&#8221;150px&#8221;][\/vc_column][\/vc_row][vc_row][vc_column thb_video_overlay_color=&#8221;#092789&#8243;]\t<div class=\"thb-portfolio-slider thb-carousel  thb-portfolio-slider-style3    position-arrows thb-carousel-dark \" id=\"portfolio-slider-81\" data-columns=\"1\" data-autoplay=\"true\" data-autoplay-speed=\"5000\" data-navigation=\"true\" data-pagination=\"\" data-vertical=\"\">\n\t\t<div class=\"portfolio-slide portfolio-slide-style3 thb-portfolio-841\">\n\t<div class=\"row max_width align-middle\">\n\t\t<div class=\"small-12 medium-6 small-order-2 medium-order-1 columns content-side\">\n\t\t\t\t<aside class=\"thb-categories animation fade-in\">\n\t\t\t\t\t<a href=\"https:\/\/www.bosphoruscity.net\/tr\/category\/duyurular\/\" rel=\"category tag\">Duyurular<\/a>, <a href=\"https:\/\/www.bosphoruscity.net\/tr\/category\/slider\/\" rel=\"category tag\">Slider<\/a>\t\t\t\t<\/aside>\n\t\t\t<h2 class=\"animation fade-in\"><a href=\"https:\/\/www.bosphoruscity.net\/tr\/2025-2027-yatirim-butcesi-bilgilendirmesi\/\" class=\"\n\t\t\t\t\t\t\t\t\t\t\t\t\t\t\t\t\t\t\">2025\u20132027 Yat\u0131r\u0131m B\u00fct\u00e7esi Bilgilendirmesi<\/a><\/h2>\n\t\t\t<a href=\"https:\/\/www.bosphoruscity.net\/tr\/2025-2027-yatirim-butcesi-bilgilendirmesi\/\" class=\"btn-text style1 animation fade-in\">Learn More<\/a>\n\t\t<\/div>\n\t\t<div class=\"small-12 medium-6 small-order-1 medium-order-2 columns image-side\">\n\t\t\t<a href=\"https:\/\/www.bosphoruscity.net\/tr\/2025-2027-yatirim-butcesi-bilgilendirmesi\/\" class=\"thb-portfolio-image\">\n\t\t\t\t<img loading=\"lazy\" decoding=\"async\" width=\"760\" height=\"700\" src=\"https:\/\/www.bosphoruscity.net\/tr\/wp-content\/uploads\/2025\/12\/kare1-760x700.jpg\" class=\"portfolio-slider-image animation fade-in wp-post-image\" alt=\"\" srcset=\"https:\/\/www.bosphoruscity.net\/tr\/wp-content\/uploads\/2025\/12\/kare1-760x700.jpg 760w, https:\/\/www.bosphoruscity.net\/tr\/wp-content\/uploads\/2025\/12\/kare1-380x350.jpg 380w, https:\/\/www.bosphoruscity.net\/tr\/wp-content\/uploads\/2025\/12\/kare1-20x18.jpg 20w\" sizes=\"auto, (max-width: 760px) 100vw, 760px\" \/>\t\t\t\t\t\t\t<\/a>\n\t\t<\/div>\n\t<\/div>\n<\/div>\n\t<\/div>\n\t\t[\/vc_column][\/vc_row][vc_row thb_full_width=&#8221;true&#8221; thb_row_padding=&#8221;true&#8221; thb_column_padding=&#8221;true&#8221;][vc_column][vc_empty_space height=&#8221;25px&#8221;][\/vc_column][\/vc_row][vc_row thb_full_width=&#8221;true&#8221; thb_row_padding=&#8221;true&#8221; thb_column_padding=&#8221;true&#8221; el_class=&#8221;text-center&#8221; css=&#8221;.vc_custom_1734021493158{padding-top: 12vh !important;padding-bottom: 12vh !important;background: #66859b url(https:\/\/www.bosphoruscity.net\/tr\/wp-content\/uploads\/2024\/12\/sitesakini.jpg?id=545) !important;background-position: center !important;background-repeat: no-repeat !important;background-size: cover !important;}&#8221;][vc_column width=&#8221;1\/2&#8243;]\t<a id=\"thb-button-69ed0ab67c3a7\" class=\"btn style2 x-large  white pill-radius animation bottom-to-top   \" href=\"https:\/\/portal.senyonet.net\/#\/login?redirect=%2Fanasayfa\" target=\"_blank\" role=\"button\">\n\t\t<span>Site Sakini Giri\u015fi<\/span>\n\t\t\t<\/a>\n\t\t[\/vc_column][vc_column width=&#8221;1\/2&#8243;]\t<a id=\"thb-button-69ed0ab67c3f4\" class=\"btn style2 x-large  white pill-radius animation bottom-to-top   \" href=\"https:\/\/wa.me\/+905051851990\" target=\"_blank\" role=\"button\">\n\t\t<span>WhatsApp \u0130hbar Hatt\u0131<\/span>\n\t\t\t<\/a>\n\t\t[\/vc_column][\/vc_row][vc_row][vc_column][vc_empty_space height=&#8221;25px&#8221;]\t<div id=\"thb-slidetype-69ed0ab67c41f\" class=\"thb-slidetype \" data-style=\"style1\">\n\t\t\n<h2><strong><span class=\"thb-slidetype-entry\"><span class=\"lines\">Duyurular<\/span><\/span><\/strong><\/h2>\n\t\t\t<\/div>\n\n\t[vc_basic_grid post_type=&#8221;post&#8221; max_items=&#8221;5&#8243; style=&#8221;load-more&#8221; element_width=&#8221;3&#8243; initial_loading_animation=&#8221;none&#8221; btn_title=&#8221;Devam\u0131&#8221; btn_style=&#8221;modern&#8221; btn_color=&#8221;default&#8221; btn_size=&#8221;xs&#8221; grid_id=&#8221;vc_gid:1765817706658-fde79a5b-ac2d-4&#8243;]\t<a class=\"btn-text   style1\" href=\"https:\/\/www.bosphoruscity.net\/tr\/etkinlikler-ve-duyurular\/\" target=\"_self\" role=\"button\" title=\"T\u00fcm Duyurular\">\n\t\t<span>T\u00fcm Duyurular<\/span>\n\t\t\t\t<\/a>\n\n\t[vc_empty_space height=&#8221;25px&#8221;][\/vc_column][\/vc_row][vc_row css=&#8221;.vc_custom_1522665185384{padding-top: 15vh !important;padding-bottom: 14vh !important;}&#8221;][vc_column width=&#8221;1\/2&#8243; css=&#8221;.vc_custom_1522696003579{padding-right: 15% !important;}&#8221;]\t<div id=\"thb-slidetype-69ed0ab67c46a\" class=\"thb-slidetype \" data-style=\"style2\">\n\t\t\n<h2><span class=\"thb-slidetype-entry\"><span class=\"lines\">BOSPHORUS CITY<\/span><\/span><\/h2>\n\t\t\t<\/div>\n\n\t[vc_column_text animation=&#8221;animation bottom-to-top&#8221;]<span style=\"color: #94969b;\">T\u00fcrkiye\u2019nin ilk, d\u00fcnyan\u0131n say\u0131l\u0131 konsept konut projelerinden biri olan Bosphorus City, \u0130stanbul Bo\u011faz\u0131\u2019n\u0131 ve Bo\u011faz ya\u015fam\u0131n\u0131 K\u00fc\u00e7\u00fck\u00e7ekmece\u2019ye ta\u015f\u0131yor.<\/span><\/p>\n<p><span style=\"color: #94969b;\"><br \/>\nBu b\u00fcy\u00fcl\u00fc projede, Ortak\u00f6y Meydan\u0131\u2019ndan sandala binebilir, Emirgan\u2019da \u00e7ay molas\u0131 verebilir, Kanl\u0131ca\u2019da yo\u011furt yiyip Kandilli\u2019de bal\u0131k keyfi yapabilirsiniz.<br \/>\nProjede Beylerbeyi, \u00c7ubuklu, Rumeli, Anadoluhisar\u0131, Yenik\u00f6y, Vanik\u00f6y ve Bo\u011fazi\u00e7i olarak her birinden birer tane yap\u0131lan nadide yal\u0131lara , apartman ve rezidans daireleri de e\u015flik ediyor.<\/span><\/p>\n<p><span style=\"color: #94969b;\"><br \/>\n246.000 metrekarelik bir alanda konumlanan Bosphorus City, K\u00fc\u00e7\u00fck\u00e7ekmece-Halkal\u0131 b\u00f6lgesinde yer al\u0131yor.<\/span>[\/vc_column_text][\/vc_column][vc_column width=&#8221;1\/2&#8243;][vc_separator color=&#8221;white&#8221; border_width=&#8221;6&#8243;]\t<div id=\"thb-video-lightbox-69ed0ab67c49a\" class=\"thb-video-lightbox lightbox-style2 hover-style1 thb-video-lightbox-icon-style-style2  regular animation right-to-left-3d\">\n\t\t<a href=\"https:\/\/www.youtube.com\/watch?v=PwpXhpYAinQ\" class=\"thb-video-link mfp-video\"><\/a>\n\t\t<img loading=\"lazy\" decoding=\"async\" width=\"1920\" height=\"1080\" src=\"https:\/\/www.bosphoruscity.net\/tr\/wp-content\/uploads\/2024\/10\/biosp2.jpg\" class=\"attachment-full\" alt=\"\" srcset=\"https:\/\/www.bosphoruscity.net\/tr\/wp-content\/uploads\/2024\/10\/biosp2.jpg 1920w, https:\/\/www.bosphoruscity.net\/tr\/wp-content\/uploads\/2024\/10\/biosp2-300x169.jpg 300w, https:\/\/www.bosphoruscity.net\/tr\/wp-content\/uploads\/2024\/10\/biosp2-1024x576.jpg 1024w, https:\/\/www.bosphoruscity.net\/tr\/wp-content\/uploads\/2024\/10\/biosp2-768x432.jpg 768w, https:\/\/www.bosphoruscity.net\/tr\/wp-content\/uploads\/2024\/10\/biosp2-1536x864.jpg 1536w, https:\/\/www.bosphoruscity.net\/tr\/wp-content\/uploads\/2024\/10\/biosp2-380x214.jpg 380w, https:\/\/www.bosphoruscity.net\/tr\/wp-content\/uploads\/2024\/10\/biosp2-20x11.jpg 20w, https:\/\/www.bosphoruscity.net\/tr\/wp-content\/uploads\/2024\/10\/biosp2-190x107.jpg 190w, https:\/\/www.bosphoruscity.net\/tr\/wp-content\/uploads\/2024\/10\/biosp2-760x428.jpg 760w, https:\/\/www.bosphoruscity.net\/tr\/wp-content\/uploads\/2024\/10\/biosp2-1140x641.jpg 1140w, https:\/\/www.bosphoruscity.net\/tr\/wp-content\/uploads\/2024\/10\/biosp2-600x338.jpg 600w\" sizes=\"auto, (max-width: 1920px) 100vw, 1920px\" \/>\t\t<svg version=\"1.1\" xmlns=\"http:\/\/www.w3.org\/2000\/svg\" xmlns:xlink=\"http:\/\/www.w3.org\/1999\/xlink\" x=\"0px\" y=\"0px\"\n\t width=\"64px\" height=\"64px\" viewBox=\"0 0 64 64\" enable-background=\"new 0 0 64 64\" xml:space=\"preserve\">\n\t<path class=\"pause\" fill-rule=\"evenodd\" clip-rule=\"evenodd\" d=\"M32,0C14.327,0,0,14.327,0,32c0,17.674,14.327,32,32,32\n\t\ts32-14.326,32-32C64,14.327,49.673,0,32,0z M30,40h-4V24h4V40z M38,40h-4V24h4V40z\"\/>\n\t<path class=\"play\" d=\"M32,0C14.327,0,0,14.327,0,32c0,17.674,14.327,32,32,32s32-14.326,32-32C64,14.327,49.673,0,32,0z M40.295,33.256\n\t\tl-12.383,7.529C27.761,40.893,27.56,41,27.309,41c-0.252,0-0.504-0.107-0.705-0.215C26.251,40.516,26,40.032,26,39.549V24.437\n\t\tc0-0.483,0.201-0.968,0.604-1.237c0.403-0.268,0.856-0.268,1.309,0l12.383,7.529C40.748,31.051,41,31.535,41,32.02\n\t\tC41,32.503,40.748,32.987,40.295,33.256z\"\/>\n<\/svg>\n\t\t\t\t<style>\n\t\t\t\t\t\t\t#thb-video-lightbox-69ed0ab67c49a svg {\n\t\t\t\t\tfill: #ffffff;\n\t\t\t\t}\n\t\t\t\t#thb-video-lightbox-69ed0ab67c49a svg.thb-play-02 .circle1 {\n\t\t\t\t\tstroke: #ffffff;\n\t\t\t\t}\n\t\t\t\t#thb-video-lightbox-69ed0ab67c49a.thb-video-lightbox-icon-style-style4 .thb-video-text {\n\t\t\t\t\tcolor: #ffffff;\n\t\t\t\t}\n\t\t\t\t\t\t\t\t\t<\/style>\n\t<\/div>\n\t[\/vc_column][\/vc_row][vc_row thb_full_width=&#8221;true&#8221; thb_row_padding=&#8221;true&#8221; thb_column_padding=&#8221;true&#8221;][vc_column]\t<div id=\"thb-bg-list-69ed0ab67ca0c\" class=\"thb-bg-list-parent style1 row no-padding thb-light-title\" data-zoom-effect=\"true\">\n\t\t\t<div class=\"small-12 medium-3 columns\" style=\"min-height: 60vh\">\n\t\t<div class=\"thb-bg-list animation right-to-left-3d has-btn\">\n\t\t\t<div class=\"list-content-container\">\n\t\t\t\t\t\t\t\t\t<div class=\"thb-bg-list-title\">\n\t\t\t\t\t\t<h4>Site Hakk\u0131nda<\/h4>\n\t\t\t\t\t<\/div>\n\t\t\t\t\t\t\t\t\t\t\t\t\t<div class=\"thb-bg-list-content\">\n\t\t\t\t\t\tBu b\u00f6l\u00fcmden sitemizle ilgili detayl\u0131 bilgilere ula\u015fabilirsiniz.\t\t\t\t\t<\/div>\n\t\t\t\t\t\t\t<\/div>\n\t\t\t\t\t\t\t<a href=\"https:\/\/www.bosphoruscity.net\/tr\/site-hakkinda\/\" target=\"_self\" title=\"Detayl\u0131 Bilgi\" class=\"btn thb-bglist-btn no-radius style2 white small\"><span>Detayl\u0131 Bilgi<\/span><\/a>\n\t\t\t\t\t<\/div>\n\t<\/div>\n\t<figure class=\"thb-bg-list-bg\">\n\t\t<img loading=\"lazy\" decoding=\"async\" width=\"2200\" height=\"907\" src=\"https:\/\/www.bosphoruscity.net\/tr\/wp-content\/uploads\/2024\/10\/b1.jpg\" class=\"thb-bg-list-image attachment-full\" alt=\"\" srcset=\"https:\/\/www.bosphoruscity.net\/tr\/wp-content\/uploads\/2024\/10\/b1.jpg 2200w, https:\/\/www.bosphoruscity.net\/tr\/wp-content\/uploads\/2024\/10\/b1-600x247.jpg 600w, https:\/\/www.bosphoruscity.net\/tr\/wp-content\/uploads\/2024\/10\/b1-300x124.jpg 300w, https:\/\/www.bosphoruscity.net\/tr\/wp-content\/uploads\/2024\/10\/b1-1024x422.jpg 1024w, https:\/\/www.bosphoruscity.net\/tr\/wp-content\/uploads\/2024\/10\/b1-768x317.jpg 768w, https:\/\/www.bosphoruscity.net\/tr\/wp-content\/uploads\/2024\/10\/b1-1536x633.jpg 1536w, https:\/\/www.bosphoruscity.net\/tr\/wp-content\/uploads\/2024\/10\/b1-2048x844.jpg 2048w, https:\/\/www.bosphoruscity.net\/tr\/wp-content\/uploads\/2024\/10\/b1-380x157.jpg 380w, https:\/\/www.bosphoruscity.net\/tr\/wp-content\/uploads\/2024\/10\/b1-20x9.jpg 20w, https:\/\/www.bosphoruscity.net\/tr\/wp-content\/uploads\/2024\/10\/b1-190x78.jpg 190w, https:\/\/www.bosphoruscity.net\/tr\/wp-content\/uploads\/2024\/10\/b1-760x313.jpg 760w, https:\/\/www.bosphoruscity.net\/tr\/wp-content\/uploads\/2024\/10\/b1-1140x470.jpg 1140w\" sizes=\"auto, (max-width: 2200px) 100vw, 2200px\" \/>\t<\/figure>\n\t\t<div class=\"small-12 medium-3 columns\" style=\"min-height: 60vh\">\n\t\t<div class=\"thb-bg-list animation right-to-left-3d has-btn\">\n\t\t\t<div class=\"list-content-container\">\n\t\t\t\t\t\t\t\t\t<div class=\"thb-bg-list-title\">\n\t\t\t\t\t\t<h4>Site Y\u00f6netimi<\/h4>\n\t\t\t\t\t<\/div>\n\t\t\t\t\t\t\t\t\t\t\t\t\t<div class=\"thb-bg-list-content\">\n\t\t\t\t\t\tBu b\u00f6l\u00fcmde site y\u00f6netimiyle ilgili t\u00fcm bilgilere ve ileti\u015fim detaylar\u0131na ula\u015fabilirsiniz.\t\t\t\t\t<\/div>\n\t\t\t\t\t\t\t<\/div>\n\t\t\t\t\t\t\t<a href=\"https:\/\/www.bosphoruscity.net\/tr\/yonetim-ve-temsilciler-kurul\/\" target=\"_self\" title=\"Detayl\u0131 Bilgi\" class=\"btn thb-bglist-btn no-radius style2 white small\"><span>Detayl\u0131 Bilgi<\/span><\/a>\n\t\t\t\t\t<\/div>\n\t<\/div>\n\t<figure class=\"thb-bg-list-bg\">\n\t\t<img loading=\"lazy\" decoding=\"async\" width=\"2200\" height=\"907\" src=\"https:\/\/www.bosphoruscity.net\/tr\/wp-content\/uploads\/2024\/10\/b2.jpg\" class=\"thb-bg-list-image attachment-full\" alt=\"\" srcset=\"https:\/\/www.bosphoruscity.net\/tr\/wp-content\/uploads\/2024\/10\/b2.jpg 2200w, https:\/\/www.bosphoruscity.net\/tr\/wp-content\/uploads\/2024\/10\/b2-600x247.jpg 600w, https:\/\/www.bosphoruscity.net\/tr\/wp-content\/uploads\/2024\/10\/b2-300x124.jpg 300w, https:\/\/www.bosphoruscity.net\/tr\/wp-content\/uploads\/2024\/10\/b2-1024x422.jpg 1024w, https:\/\/www.bosphoruscity.net\/tr\/wp-content\/uploads\/2024\/10\/b2-768x317.jpg 768w, https:\/\/www.bosphoruscity.net\/tr\/wp-content\/uploads\/2024\/10\/b2-1536x633.jpg 1536w, https:\/\/www.bosphoruscity.net\/tr\/wp-content\/uploads\/2024\/10\/b2-2048x844.jpg 2048w, https:\/\/www.bosphoruscity.net\/tr\/wp-content\/uploads\/2024\/10\/b2-380x157.jpg 380w, https:\/\/www.bosphoruscity.net\/tr\/wp-content\/uploads\/2024\/10\/b2-20x9.jpg 20w, https:\/\/www.bosphoruscity.net\/tr\/wp-content\/uploads\/2024\/10\/b2-190x78.jpg 190w, https:\/\/www.bosphoruscity.net\/tr\/wp-content\/uploads\/2024\/10\/b2-760x313.jpg 760w, https:\/\/www.bosphoruscity.net\/tr\/wp-content\/uploads\/2024\/10\/b2-1140x470.jpg 1140w\" sizes=\"auto, (max-width: 2200px) 100vw, 2200px\" \/>\t<\/figure>\n\t\t<div class=\"small-12 medium-3 columns\" style=\"min-height: 60vh\">\n\t\t<div class=\"thb-bg-list animation right-to-left-3d has-btn\">\n\t\t\t<div class=\"list-content-container\">\n\t\t\t\t\t\t\t\t\t<div class=\"thb-bg-list-title\">\n\t\t\t\t\t\t<h4>Mevzuat<\/h4>\n\t\t\t\t\t<\/div>\n\t\t\t\t\t\t\t\t\t\t\t\t\t<div class=\"thb-bg-list-content\">\n\t\t\t\t\t\tBu b\u00f6l\u00fcmde yasal mevzuat ilgili t\u00fcm bilgilere ula\u015fabilirsiniz.\t\t\t\t\t<\/div>\n\t\t\t\t\t\t\t<\/div>\n\t\t\t\t\t\t\t<a href=\"https:\/\/www.bosphoruscity.net\/tr\/imar-kanunu\/\" target=\"_self\" title=\"Detayl\u0131 Bilgi\" class=\"btn thb-bglist-btn no-radius style2 white small\"><span>Detayl\u0131 Bilgi<\/span><\/a>\n\t\t\t\t\t<\/div>\n\t<\/div>\n\t<figure class=\"thb-bg-list-bg\">\n\t\t<img loading=\"lazy\" decoding=\"async\" width=\"2200\" height=\"907\" src=\"https:\/\/www.bosphoruscity.net\/tr\/wp-content\/uploads\/2024\/10\/b4.jpg\" class=\"thb-bg-list-image attachment-full\" alt=\"\" srcset=\"https:\/\/www.bosphoruscity.net\/tr\/wp-content\/uploads\/2024\/10\/b4.jpg 2200w, https:\/\/www.bosphoruscity.net\/tr\/wp-content\/uploads\/2024\/10\/b4-600x247.jpg 600w, https:\/\/www.bosphoruscity.net\/tr\/wp-content\/uploads\/2024\/10\/b4-300x124.jpg 300w, https:\/\/www.bosphoruscity.net\/tr\/wp-content\/uploads\/2024\/10\/b4-1024x422.jpg 1024w, https:\/\/www.bosphoruscity.net\/tr\/wp-content\/uploads\/2024\/10\/b4-768x317.jpg 768w, https:\/\/www.bosphoruscity.net\/tr\/wp-content\/uploads\/2024\/10\/b4-1536x633.jpg 1536w, https:\/\/www.bosphoruscity.net\/tr\/wp-content\/uploads\/2024\/10\/b4-2048x844.jpg 2048w, https:\/\/www.bosphoruscity.net\/tr\/wp-content\/uploads\/2024\/10\/b4-380x157.jpg 380w, https:\/\/www.bosphoruscity.net\/tr\/wp-content\/uploads\/2024\/10\/b4-20x9.jpg 20w, https:\/\/www.bosphoruscity.net\/tr\/wp-content\/uploads\/2024\/10\/b4-190x78.jpg 190w, https:\/\/www.bosphoruscity.net\/tr\/wp-content\/uploads\/2024\/10\/b4-760x313.jpg 760w, https:\/\/www.bosphoruscity.net\/tr\/wp-content\/uploads\/2024\/10\/b4-1140x470.jpg 1140w\" sizes=\"auto, (max-width: 2200px) 100vw, 2200px\" \/>\t<\/figure>\n\t\t<div class=\"small-12 medium-3 columns\" style=\"min-height: 60vh\">\n\t\t<div class=\"thb-bg-list animation right-to-left-3d has-btn\">\n\t\t\t<div class=\"list-content-container\">\n\t\t\t\t\t\t\t\t\t<div class=\"thb-bg-list-title\">\n\t\t\t\t\t\t<h4>Site Sakini Paneli<\/h4>\n\t\t\t\t\t<\/div>\n\t\t\t\t\t\t\t\t\t\t\t\t\t<div class=\"thb-bg-list-content\">\n\t\t\t\t\t\tBu b\u00f6l\u00fcmde site sakinleri, site sakini paneline giri\u015f yaparak, aidat gibi bilgilere ula\u015fabilir.\t\t\t\t\t<\/div>\n\t\t\t\t\t\t\t<\/div>\n\t\t\t\t\t\t\t<a href=\"https:\/\/portal.senyonet.net\/#\/login?redirect=%2Fanasayfa\" target=\"_blank\" title=\"Detayl\u0131 Bilgi\" class=\"btn thb-bglist-btn no-radius style2 white small\"><span>Detayl\u0131 Bilgi<\/span><\/a>\n\t\t\t\t\t<\/div>\n\t<\/div>\n\t<figure class=\"thb-bg-list-bg\">\n\t\t<img loading=\"lazy\" decoding=\"async\" width=\"2200\" height=\"907\" src=\"https:\/\/www.bosphoruscity.net\/tr\/wp-content\/uploads\/2024\/10\/b3.jpg\" class=\"thb-bg-list-image attachment-full\" alt=\"\" srcset=\"https:\/\/www.bosphoruscity.net\/tr\/wp-content\/uploads\/2024\/10\/b3.jpg 2200w, https:\/\/www.bosphoruscity.net\/tr\/wp-content\/uploads\/2024\/10\/b3-600x247.jpg 600w, https:\/\/www.bosphoruscity.net\/tr\/wp-content\/uploads\/2024\/10\/b3-300x124.jpg 300w, https:\/\/www.bosphoruscity.net\/tr\/wp-content\/uploads\/2024\/10\/b3-1024x422.jpg 1024w, https:\/\/www.bosphoruscity.net\/tr\/wp-content\/uploads\/2024\/10\/b3-768x317.jpg 768w, https:\/\/www.bosphoruscity.net\/tr\/wp-content\/uploads\/2024\/10\/b3-1536x633.jpg 1536w, https:\/\/www.bosphoruscity.net\/tr\/wp-content\/uploads\/2024\/10\/b3-2048x844.jpg 2048w, https:\/\/www.bosphoruscity.net\/tr\/wp-content\/uploads\/2024\/10\/b3-380x157.jpg 380w, https:\/\/www.bosphoruscity.net\/tr\/wp-content\/uploads\/2024\/10\/b3-20x9.jpg 20w, https:\/\/www.bosphoruscity.net\/tr\/wp-content\/uploads\/2024\/10\/b3-190x78.jpg 190w, https:\/\/www.bosphoruscity.net\/tr\/wp-content\/uploads\/2024\/10\/b3-760x313.jpg 760w, https:\/\/www.bosphoruscity.net\/tr\/wp-content\/uploads\/2024\/10\/b3-1140x470.jpg 1140w\" sizes=\"auto, (max-width: 2200px) 100vw, 2200px\" \/>\t<\/figure>\n\t\t<\/div>\n\t[\/vc_column][\/vc_row]\n","protected":false},"excerpt":{"rendered":"<p>[vc_row thb_full_width=&#8221;true&#8221; thb_row_padding=&#8221;true&#8221; thb_column_padding=&#8221;true&#8221;][vc_column][vc_empty_space height=&#8221;150px&#8221;][\/vc_column][\/vc_row][vc_row][vc_column thb_video_overlay_color=&#8221;#092789&#8243;][\/vc_column][\/vc_row][vc_row thb_full_width=&#8221;true&#8221; thb_row_padding=&#8221;true&#8221; thb_column_padding=&#8221;true&#8221;][vc_column][vc_empty_space height=&#8221;25px&#8221;][\/vc_column][\/vc_row][vc_row thb_full_width=&#8221;true&#8221; thb_row_padding=&#8221;true&#8221; thb_column_padding=&#8221;true&#8221; el_class=&#8221;text-center&#8221; css=&#8221;.vc_custom_1734021493158{padding-top: 12vh !important;padding-bottom: 12vh !important;background: #66859b url(https:\/\/www.bosphoruscity.net\/tr\/wp-content\/uploads\/2024\/12\/sitesakini.jpg?id=545) !important;background-position: center !important;background-repeat: no-repeat !important;background-size: cover !important;}&#8221;][vc_column width=&#8221;1\/2&#8243;][\/vc_column][vc_column width=&#8221;1\/2&#8243;][\/vc_column][\/vc_row][vc_row][vc_column][vc_empty_space height=&#8221;25px&#8221;][vc_basic_grid post_type=&#8221;post&#8221; max_items=&#8221;5&#8243; style=&#8221;load-more&#8221; element_width=&#8221;3&#8243; initial_loading_animation=&#8221;none&#8221; btn_title=&#8221;Devam\u0131&#8221; btn_style=&#8221;modern&#8221; btn_color=&#8221;default&#8221; btn_size=&#8221;xs&#8221; grid_id=&#8221;vc_gid:1765817706658-fde79a5b-ac2d-4&#8243;][vc_empty_space height=&#8221;25px&#8221;][\/vc_column][\/vc_row][vc_row css=&#8221;.vc_custom_1522665185384{padding-top: 15vh !important;padding-bottom: 14vh !important;}&#8221;][vc_column width=&#8221;1\/2&#8243; css=&#8221;.vc_custom_1522696003579{padding-right: 15% !important;}&#8221;][vc_column_text animation=&#8221;animation bottom-to-top&#8221;]T\u00fcrkiye\u2019nin ilk, d\u00fcnyan\u0131n&hellip;<\/p>\n","protected":false},"author":1,"featured_media":0,"parent":0,"menu_order":0,"comment_status":"closed","ping_status":"closed","template":"","meta":{"footnotes":""},"class_list":["post-214","page","type-page","status-publish","hentry"],"_links":{"self":[{"href":"https:\/\/www.bosphoruscity.net\/tr\/wp-json\/wp\/v2\/pages\/214","targetHints":{"allow":["GET"]}}],"collection":[{"href":"https:\/\/www.bosphoruscity.net\/tr\/wp-json\/wp\/v2\/pages"}],"about":[{"href":"https:\/\/www.bosphoruscity.net\/tr\/wp-json\/wp\/v2\/types\/page"}],"author":[{"embeddable":true,"href":"https:\/\/www.bosphoruscity.net\/tr\/wp-json\/wp\/v2\/users\/1"}],"replies":[{"embeddable":true,"href":"https:\/\/www.bosphoruscity.net\/tr\/wp-json\/wp\/v2\/comments?post=214"}],"version-history":[{"count":132,"href":"https:\/\/www.bosphoruscity.net\/tr\/wp-json\/wp\/v2\/pages\/214\/revisions"}],"predecessor-version":[{"id":865,"href":"https:\/\/www.bosphoruscity.net\/tr\/wp-json\/wp\/v2\/pages\/214\/revisions\/865"}],"wp:attachment":[{"href":"https:\/\/www.bosphoruscity.net\/tr\/wp-json\/wp\/v2\/media?parent=214"}],"curies":[{"name":"wp","href":"https:\/\/api.w.org\/{rel}","templated":true}]}}