{"id":363,"date":"2024-10-12T23:48:10","date_gmt":"2024-10-12T23:48:10","guid":{"rendered":"https:\/\/croncreative.com\/bosphoruscity\/?page_id=363"},"modified":"2024-12-25T13:49:48","modified_gmt":"2024-12-25T13:49:48","slug":"site-hakkinda","status":"publish","type":"page","link":"https:\/\/www.bosphoruscity.net\/tr\/site-hakkinda\/","title":{"rendered":"S\u0130TE HAKKINDA"},"content":{"rendered":"[vc_row thb_full_width=&#8221;true&#8221; thb_row_padding=&#8221;true&#8221; thb_column_padding=&#8221;true&#8221; content_placement=&#8221;middle&#8221; thb_scroll_bottom=&#8221;true&#8221; thb_scroll_bottom_style=&#8221;style3&#8243; thb_scroll_bottom_color=&#8221;light&#8221; css=&#8221;.vc_custom_1733848292919{padding-top: 30vh !important;padding-bottom: 25vh !important;background-image: url(https:\/\/www.bosphoruscity.net\/tr\/wp-content\/uploads\/2024\/10\/biosp2.jpg?id=306) !important;background-position: center !important;background-repeat: no-repeat !important;background-size: cover !important;}&#8221;][vc_column thb_color=&#8221;thb-light-column&#8221;][\/vc_column][\/vc_row][vc_row el_class=&#8221;align-center&#8221; css=&#8221;.vc_custom_1517737245068{padding-top: 15vh !important;padding-bottom: 5vh !important;}&#8221;][vc_column offset=&#8221;vc_col-lg-5 vc_col-md-5&#8243;]\t<div id=\"thb-slidetype-69ed0acbc7c51\" class=\"thb-slidetype \" data-style=\"style1\">\n\t\t\n<h2><span class=\"thb-slidetype-entry\"><span class=\"lines\">Site Hakk\u0131nda<\/span><\/span><\/h2>\n\t\t\t<\/div>\n\n\t[\/vc_column][\/vc_row][vc_row][vc_column][vc_column_text]T\u00fcrkiye\u2019nin ilk, d\u00fcnyan\u0131n say\u0131l\u0131 konsept konut projelerinden biri olan Bosphorus City, \u0130stanbul Bo\u011faz\u0131\u2019n\u0131 ve Bo\u011faz ya\u015fam\u0131n\u0131 K\u00fc\u00e7\u00fck\u00e7ekmece\u2019ye ta\u015f\u0131yor.<br \/>\nBu b\u00fcy\u00fcl\u00fc projede, Ortak\u00f6y Meydan\u0131\u2019ndan sandala binebilir, Emirgan\u2019da \u00e7ay molas\u0131 verebilir, Kanl\u0131ca\u2019da yo\u011furt yiyip Kandilli\u2019de bal\u0131k keyfi yapabilirsiniz.<br \/>\nProjede Beylerbeyi, \u00c7ubuklu, Rumeli, Anadoluhisar\u0131, Yenik\u00f6y, Vanik\u00f6y ve Bo\u011fazi\u00e7i olarak her birinden birer tane yap\u0131lan nadide yal\u0131lara , apartman ve rezidans daireleri de e\u015flik ediyor.<br \/>\n246.000 metrekarelik bir alanda konumlanan Bosphorus City, K\u00fc\u00e7\u00fck\u00e7ekmece-Halkal\u0131 b\u00f6lgesinde yer al\u0131yor.[\/vc_column_text][vc_empty_space][\/vc_column][\/vc_row][vc_row thb_full_width=&#8221;true&#8221; thb_row_padding=&#8221;true&#8221; thb_column_padding=&#8221;true&#8221; content_placement=&#8221;middle&#8221;][vc_column thb_color=&#8221;thb-light-column&#8221; width=&#8221;1\/2&#8243; el_class=&#8221;text-center&#8221; css=&#8221;.vc_custom_1733848301261{padding-top: 25% !important;padding-right: 5% !important;padding-bottom: 25% !important;padding-left: 5% !important;background: #23211f url(https:\/\/www.bosphoruscity.net\/tr\/wp-content\/uploads\/2024\/10\/b1.jpg?id=237) !important;background-position: center !important;background-repeat: no-repeat !important;background-size: cover !important;}&#8221;]\t<div id=\"thb-slidetype-69ed0acbc7cca\" class=\"thb-slidetype \" data-style=\"style2\">\n\t\t\n<h1><span class=\"thb-slidetype-entry\"><span class=\"lines\">\u0130leti\u015fim<\/span><\/span><\/h1>\n\t\t\t<\/div>\n\n\t[vc_empty_space height=&#8221;30px&#8221;]\t<a id=\"thb-button-69ed0acbc7d8a\" class=\"btn style2 medium  white pill-radius animation left-to-right-3d   \" href=\"https:\/\/www.bosphoruscity.net\/tr\/iletisim\/\" target=\"_self\" role=\"button\">\n\t\t<span>\u0130leti\u015fim<\/span>\n\t\t\t<\/a>\n\t\t[\/vc_column][vc_column thb_color=&#8221;thb-light-column&#8221; width=&#8221;1\/2&#8243; el_class=&#8221;text-center&#8221; css=&#8221;.vc_custom_1733848491517{padding-top: 25% !important;padding-right: 5% !important;padding-bottom: 25% !important;padding-left: 5% !important;background: #443222 url(https:\/\/www.bosphoruscity.net\/tr\/wp-content\/uploads\/2024\/10\/b4.jpg?id=240) !important;background-position: center !important;background-repeat: no-repeat !important;background-size: cover !important;}&#8221;]\t<div id=\"thb-slidetype-69ed0acbc7e0e\" class=\"thb-slidetype \" data-style=\"style2\">\n\t\t\n<h1><span class=\"thb-slidetype-entry\"><span class=\"lines\">Site Sakini Giri\u015fi<\/span><\/span><\/h1>\n\t\t\t<\/div>\n\n\t[vc_empty_space height=&#8221;30px&#8221;]\t<a id=\"thb-button-69ed0acbc7e58\" class=\"btn style2 medium  white pill-radius animation right-to-left-3d   \" href=\"https:\/\/portal.senyonet.net\/#\/login?redirect=%2Fanasayfa\" target=\"_blank\" role=\"button\">\n\t\t<span>Giri\u015f Yap<\/span>\n\t\t\t<\/a>\n\t\t[\/vc_column][\/vc_row]\n","protected":false},"excerpt":{"rendered":"<p>[vc_row thb_full_width=&#8221;true&#8221; thb_row_padding=&#8221;true&#8221; thb_column_padding=&#8221;true&#8221; content_placement=&#8221;middle&#8221; thb_scroll_bottom=&#8221;true&#8221; thb_scroll_bottom_style=&#8221;style3&#8243; thb_scroll_bottom_color=&#8221;light&#8221; css=&#8221;.vc_custom_1733848292919{padding-top: 30vh !important;padding-bottom: 25vh !important;background-image: url(https:\/\/www.bosphoruscity.net\/tr\/wp-content\/uploads\/2024\/10\/biosp2.jpg?id=306) !important;background-position: center !important;background-repeat: no-repeat !important;background-size: cover !important;}&#8221;][vc_column thb_color=&#8221;thb-light-column&#8221;][\/vc_column][\/vc_row][vc_row el_class=&#8221;align-center&#8221; css=&#8221;.vc_custom_1517737245068{padding-top: 15vh !important;padding-bottom: 5vh !important;}&#8221;][vc_column offset=&#8221;vc_col-lg-5 vc_col-md-5&#8243;][\/vc_column][\/vc_row][vc_row][vc_column][vc_column_text]T\u00fcrkiye\u2019nin ilk, d\u00fcnyan\u0131n say\u0131l\u0131 konsept konut projelerinden biri olan Bosphorus City, \u0130stanbul Bo\u011faz\u0131\u2019n\u0131 ve Bo\u011faz ya\u015fam\u0131n\u0131 K\u00fc\u00e7\u00fck\u00e7ekmece\u2019ye ta\u015f\u0131yor. Bu b\u00fcy\u00fcl\u00fc projede, Ortak\u00f6y Meydan\u0131\u2019ndan sandala binebilir, Emirgan\u2019da&hellip;<\/p>\n","protected":false},"author":1,"featured_media":0,"parent":0,"menu_order":0,"comment_status":"closed","ping_status":"closed","template":"","meta":{"footnotes":""},"class_list":["post-363","page","type-page","status-publish","hentry"],"_links":{"self":[{"href":"https:\/\/www.bosphoruscity.net\/tr\/wp-json\/wp\/v2\/pages\/363","targetHints":{"allow":["GET"]}}],"collection":[{"href":"https:\/\/www.bosphoruscity.net\/tr\/wp-json\/wp\/v2\/pages"}],"about":[{"href":"https:\/\/www.bosphoruscity.net\/tr\/wp-json\/wp\/v2\/types\/page"}],"author":[{"embeddable":true,"href":"https:\/\/www.bosphoruscity.net\/tr\/wp-json\/wp\/v2\/users\/1"}],"replies":[{"embeddable":true,"href":"https:\/\/www.bosphoruscity.net\/tr\/wp-json\/wp\/v2\/comments?post=363"}],"version-history":[{"count":13,"href":"https:\/\/www.bosphoruscity.net\/tr\/wp-json\/wp\/v2\/pages\/363\/revisions"}],"predecessor-version":[{"id":632,"href":"https:\/\/www.bosphoruscity.net\/tr\/wp-json\/wp\/v2\/pages\/363\/revisions\/632"}],"wp:attachment":[{"href":"https:\/\/www.bosphoruscity.net\/tr\/wp-json\/wp\/v2\/media?parent=363"}],"curies":[{"name":"wp","href":"https:\/\/api.w.org\/{rel}","templated":true}]}}