{"id":372,"date":"2024-11-22T00:05:53","date_gmt":"2024-11-22T00:05:53","guid":{"rendered":"https:\/\/croncreative.com\/bosphoruscity\/?page_id=372"},"modified":"2025-02-17T10:54:12","modified_gmt":"2025-02-17T10:54:12","slug":"yasam-rehberi","status":"publish","type":"page","link":"https:\/\/www.bosphoruscity.net\/tr\/yasam-rehberi\/","title":{"rendered":"Ya\u015fam Rehberi"},"content":{"rendered":"[vc_row css=&#8221;.vc_custom_1734951355467{background-image: url(https:\/\/www.bosphoruscity.net\/tr\/wp-content\/uploads\/2024\/10\/biosp2.jpg?id=306) !important;background-position: center !important;background-repeat: no-repeat !important;background-size: cover !important;}&#8221;][vc_column][\/vc_column][\/vc_row][vc_row el_class=&#8221;align-center&#8221; css=&#8221;.vc_custom_1517737245068{padding-top: 15vh !important;padding-bottom: 5vh !important;}&#8221;][vc_column offset=&#8221;vc_col-lg-5 vc_col-md-5&#8243;]\t<div id=\"thb-slidetype-69ed0a2c90aa9\" class=\"thb-slidetype \" data-style=\"style1\">\n\t\t<h2 style=\"text-align: center;\"><span class=\"thb-slidetype-entry\"><span class=\"lines\">Ya\u015fam Rehberi<\/span><\/span><\/h2>\t\t\t<\/div>\n\n\t[\/vc_column][\/vc_row][vc_row][vc_column][vc_column_text]De\u011ferli Site Sakini,<br \/>\nBosphorus City ya\u015fam rehberinin T\u00fcrk\u00e7e ve \u0130ngilizce versiyonlar\u0131n\u0131 buradan temin edebilirsiniz.<br \/>\nSayg\u0131lar\u0131m\u0131zla.[\/vc_column_text][vc_empty_space][\/vc_column][\/vc_row][vc_row el_class=&#8221;align-center&#8221;][vc_column offset=&#8221;vc_col-lg-10&#8243;]\t<div id=\"thb-horizontal-list-323\" class=\"thb-horizontal-list   size3_25_50_25 has-button\">\n\t\t\t\t\t<div class=\"horizontal-list-cell text-left\">\n\t\t\t\n<h4>Ya\u015fam Rehberi<\/h4>\n\t\t\t\t\t\t<\/div>\n\t\t\t\t\t<div class=\"horizontal-list-cell text-left\">\n\t\t\t- T\u00fcrk\u00e7e\t\t\t\t\t\t<\/div>\n\t\t\t\t\t<div class=\"horizontal-list-cell text-right\">\n\t\t\t\t\t\t\t\t\t\t\t\t\t\t\t\t\t<a class=\"btn style1 small  gradient small-radius arrow-enabled\" href=\"http:\/\/bosphoruscity\/wp-content\/uploads\/2024\/11\/Yasam-Rehberi-Turkce-.pdf\" target=\"_blank\" role=\"button\" title=\"Rehber\"><span>Rehber<\/span>\n\t\t\t\t\t\t\t<svg xmlns=\"http:\/\/www.w3.org\/2000\/svg\" xmlns:xlink=\"http:\/\/www.w3.org\/1999\/xlink\" x=\"0px\" y=\"0px\"\r\n\t width=\"30px\" height=\"18px\" viewBox=\"0 0 30 18\" enable-background=\"new 0 0 30 18\" xml:space=\"preserve\">\r\n<path class=\"handle\" d=\"M20.305,16.212c-0.407,0.409-0.407,1.071,0,1.479s1.068,0.408,1.476,0l7.914-7.952c0.408-0.409,0.408-1.071,0-1.481\r\n\tl-7.914-7.952c-0.407-0.409-1.068-0.409-1.476,0s-0.407,1.071,0,1.48l7.185,7.221L20.305,16.212z\"\/>\r\n<path class=\"bar\" fill-rule=\"evenodd\" clip-rule=\"evenodd\" d=\"M1,8h28.001c0.551,0,1,0.448,1,1c0,0.553-0.449,1-1,1H1c-0.553,0-1-0.447-1-1\r\n\tC0,8.448,0.447,8,1,8z\"\/>\r\n<\/svg>\r\n\t\t\t\t\t\t<\/a>\n\t\t\t\t\t\t\t\t\t\t\t\t\t\t\t\t\t<\/div>\n\t\t\t\t\t\t\t<a href=\"\/tr\/wp-content\/uploads\/2024\/11\/Yasam-Rehberi-Turkce-.pdf\" target=\"_blank\" title=\"Rehber\" class=\"horizontal-full-link\"><\/a>\n\t\t\t\t<style>\n\t\t\t\t\t\t\t\t\t\t\t\t\t\t\t\t\t\t\t\/* Style1 *\/\n\t\t\t\t#thb-horizontal-list-323 .btn.style1 {\n\t\t\t\t\t\tbackground:#1e73be;background:linear-gradient( -135deg,#1e73be,#1e73be );\t\t\t\t}\n\t\t\t\t#thb-horizontal-list-323 .btn.style1:after {\n\t\t\t\t\tbackground: #1e73be;\n\t\t\t\t}\n\t\t\t\t\t\t\t\t\t\t\t\t\t\t\t\t\t\t\t\t\t\t\t\t\t\t\t<\/style>\n\t<\/div>\n\t\t<div id=\"thb-horizontal-list-742\" class=\"thb-horizontal-list   size3_25_50_25 has-button\">\n\t\t\t\t\t<div class=\"horizontal-list-cell text-left\">\n\t\t\t\n<h4>Life Guide<\/h4>\n\t\t\t\t\t\t<\/div>\n\t\t\t\t\t<div class=\"horizontal-list-cell text-left\">\n\t\t\t- English\t\t\t\t\t\t<\/div>\n\t\t\t\t\t<div class=\"horizontal-list-cell text-right\">\n\t\t\t\t\t\t\t\t\t\t\t\t\t\t\t\t\t<a class=\"btn style1 small  gradient small-radius arrow-enabled\" href=\"\/bosphoruscity\/wp-content\/uploads\/2024\/11\/LIFE-GUIDE-ENGLISH.pdf\" target=\"_blank\" role=\"button\" title=\"Guide\"><span>Guide<\/span>\n\t\t\t\t\t\t\t<svg xmlns=\"http:\/\/www.w3.org\/2000\/svg\" xmlns:xlink=\"http:\/\/www.w3.org\/1999\/xlink\" x=\"0px\" y=\"0px\"\r\n\t width=\"30px\" height=\"18px\" viewBox=\"0 0 30 18\" enable-background=\"new 0 0 30 18\" xml:space=\"preserve\">\r\n<path class=\"handle\" d=\"M20.305,16.212c-0.407,0.409-0.407,1.071,0,1.479s1.068,0.408,1.476,0l7.914-7.952c0.408-0.409,0.408-1.071,0-1.481\r\n\tl-7.914-7.952c-0.407-0.409-1.068-0.409-1.476,0s-0.407,1.071,0,1.48l7.185,7.221L20.305,16.212z\"\/>\r\n<path class=\"bar\" fill-rule=\"evenodd\" clip-rule=\"evenodd\" d=\"M1,8h28.001c0.551,0,1,0.448,1,1c0,0.553-0.449,1-1,1H1c-0.553,0-1-0.447-1-1\r\n\tC0,8.448,0.447,8,1,8z\"\/>\r\n<\/svg>\r\n\t\t\t\t\t\t<\/a>\n\t\t\t\t\t\t\t\t\t\t\t\t\t\t\t\t\t<\/div>\n\t\t\t\t\t\t\t<a href=\"\/tr\/wp-content\/uploads\/2024\/11\/LIFE-GUIDE-ENGLISH.pdf\" target=\"_blank\" title=\"Guide\" class=\"horizontal-full-link\"><\/a>\n\t\t\t\t<style>\n\t\t\t\t\t\t\t\t\t\t\t\t\t\t\t\t\t\t\t\/* Style1 *\/\n\t\t\t\t#thb-horizontal-list-742 .btn.style1 {\n\t\t\t\t\t\tbackground:#1e73be;background:linear-gradient( -135deg,#1e73be,#1e73be );\t\t\t\t}\n\t\t\t\t#thb-horizontal-list-742 .btn.style1:after {\n\t\t\t\t\tbackground: #1e73be;\n\t\t\t\t}\n\t\t\t\t\t\t\t\t\t\t\t\t\t\t\t\t\t\t\t\t\t\t\t\t\t\t\t<\/style>\n\t<\/div>\n\t\t<div id=\"thb-horizontal-list-795\" class=\"thb-horizontal-list   size3_25_50_25 has-button\">\n\t\t\t\t\t<div class=\"horizontal-list-cell text-left\">\n\t\t\t\n<h4>Life Guide<\/h4>\n\t\t\t\t\t\t<\/div>\n\t\t\t\t\t<div class=\"horizontal-list-cell text-left\">\n\t\t\t- Arabic\t\t\t\t\t\t<\/div>\n\t\t\t\t\t<div class=\"horizontal-list-cell text-right\">\n\t\t\t\t\t\t\t\t\t\t\t\t\t\t\t\t\t<a class=\"btn style1 small  gradient small-radius arrow-enabled\" href=\"\/bosphoruscity\/wp-content\/uploads\/2024\/11\/LIFE-GUIDE-ARABIC.pdf\" target=\"_blank\" role=\"button\" title=\"Guide\"><span>Guide<\/span>\n\t\t\t\t\t\t\t<svg xmlns=\"http:\/\/www.w3.org\/2000\/svg\" xmlns:xlink=\"http:\/\/www.w3.org\/1999\/xlink\" x=\"0px\" y=\"0px\"\r\n\t width=\"30px\" height=\"18px\" viewBox=\"0 0 30 18\" enable-background=\"new 0 0 30 18\" xml:space=\"preserve\">\r\n<path class=\"handle\" d=\"M20.305,16.212c-0.407,0.409-0.407,1.071,0,1.479s1.068,0.408,1.476,0l7.914-7.952c0.408-0.409,0.408-1.071,0-1.481\r\n\tl-7.914-7.952c-0.407-0.409-1.068-0.409-1.476,0s-0.407,1.071,0,1.48l7.185,7.221L20.305,16.212z\"\/>\r\n<path class=\"bar\" fill-rule=\"evenodd\" clip-rule=\"evenodd\" d=\"M1,8h28.001c0.551,0,1,0.448,1,1c0,0.553-0.449,1-1,1H1c-0.553,0-1-0.447-1-1\r\n\tC0,8.448,0.447,8,1,8z\"\/>\r\n<\/svg>\r\n\t\t\t\t\t\t<\/a>\n\t\t\t\t\t\t\t\t\t\t\t\t\t\t\t\t\t<\/div>\n\t\t\t\t\t\t\t<a href=\"\/tr\/wp-content\/uploads\/2024\/11\/LIFE-GUIDE-ARABIC.pdf\" target=\"_blank\" title=\"Guide\" class=\"horizontal-full-link\"><\/a>\n\t\t\t\t<style>\n\t\t\t\t\t\t\t\t\t\t\t\t\t\t\t\t\t\t\t\/* Style1 *\/\n\t\t\t\t#thb-horizontal-list-795 .btn.style1 {\n\t\t\t\t\t\tbackground:#1e73be;background:linear-gradient( -135deg,#1e73be,#1e73be );\t\t\t\t}\n\t\t\t\t#thb-horizontal-list-795 .btn.style1:after {\n\t\t\t\t\tbackground: #1e73be;\n\t\t\t\t}\n\t\t\t\t\t\t\t\t\t\t\t\t\t\t\t\t\t\t\t\t\t\t\t\t\t\t\t<\/style>\n\t<\/div>\n\t[vc_empty_space][\/vc_column][\/vc_row][vc_row thb_full_width=&#8221;true&#8221; thb_row_padding=&#8221;true&#8221; thb_column_padding=&#8221;true&#8221; content_placement=&#8221;middle&#8221;][vc_column thb_color=&#8221;thb-light-column&#8221; width=&#8221;1\/2&#8243; el_class=&#8221;text-center&#8221; css=&#8221;.vc_custom_1733848447843{padding-top: 25% !important;padding-right: 5% !important;padding-bottom: 25% !important;padding-left: 5% !important;background: #23211f url(https:\/\/www.bosphoruscity.net\/tr\/wp-content\/uploads\/2024\/10\/b1.jpg?id=237) !important;background-position: center !important;background-repeat: no-repeat !important;background-size: cover !important;}&#8221;]\t<div id=\"thb-slidetype-69ed0a2c91183\" class=\"thb-slidetype \" data-style=\"style2\">\n\t\t\n<h1><span class=\"thb-slidetype-entry\"><span class=\"lines\">\u0130leti\u015fim<\/span><\/span><\/h1>\n\t\t\t<\/div>\n\n\t[vc_empty_space height=&#8221;30px&#8221;]\t<a id=\"thb-button-69ed0a2c9122b\" class=\"btn style2 medium  white pill-radius animation left-to-right-3d   \" href=\"https:\/\/www.bosphoruscity.net\/tr\/iletisim\/\" target=\"_self\" role=\"button\">\n\t\t<span>\u0130leti\u015fim<\/span>\n\t\t\t<\/a>\n\t\t[\/vc_column][vc_column thb_color=&#8221;thb-light-column&#8221; width=&#8221;1\/2&#8243; el_class=&#8221;text-center&#8221; css=&#8221;.vc_custom_1733848441556{padding-top: 25% !important;padding-right: 5% !important;padding-bottom: 25% !important;padding-left: 5% !important;background: #443222 url(https:\/\/www.bosphoruscity.net\/tr\/wp-content\/uploads\/2024\/10\/b4.jpg?id=240) !important;background-position: center !important;background-repeat: no-repeat !important;background-size: cover !important;}&#8221;]\t<div id=\"thb-slidetype-69ed0a2c91283\" class=\"thb-slidetype \" data-style=\"style2\">\n\t\t\n<h1><span class=\"thb-slidetype-entry\"><span class=\"lines\">Site Sakini Giri\u015fi<\/span><\/span><\/h1>\n\t\t\t<\/div>\n\n\t[vc_empty_space height=&#8221;30px&#8221;]\t<a id=\"thb-button-69ed0a2c912b7\" class=\"btn style2 medium  white pill-radius animation right-to-left-3d   \" href=\"#\" target=\"_self\" role=\"button\">\n\t\t<span>Giri\u015f Yap<\/span>\n\t\t\t<\/a>\n\t\t[\/vc_column][\/vc_row]\n","protected":false},"excerpt":{"rendered":"<p>[vc_row css=&#8221;.vc_custom_1734951355467{background-image: url(https:\/\/www.bosphoruscity.net\/tr\/wp-content\/uploads\/2024\/10\/biosp2.jpg?id=306) !important;background-position: center !important;background-repeat: no-repeat !important;background-size: cover !important;}&#8221;][vc_column][\/vc_column][\/vc_row][vc_row el_class=&#8221;align-center&#8221; css=&#8221;.vc_custom_1517737245068{padding-top: 15vh !important;padding-bottom: 5vh !important;}&#8221;][vc_column offset=&#8221;vc_col-lg-5 vc_col-md-5&#8243;][\/vc_column][\/vc_row][vc_row][vc_column][vc_column_text]De\u011ferli Site Sakini, Bosphorus City ya\u015fam rehberinin T\u00fcrk\u00e7e ve \u0130ngilizce versiyonlar\u0131n\u0131 buradan temin edebilirsiniz. Sayg\u0131lar\u0131m\u0131zla.[\/vc_column_text][vc_empty_space][\/vc_column][\/vc_row][vc_row el_class=&#8221;align-center&#8221;][vc_column offset=&#8221;vc_col-lg-10&#8243;][vc_empty_space][\/vc_column][\/vc_row][vc_row thb_full_width=&#8221;true&#8221; thb_row_padding=&#8221;true&#8221; thb_column_padding=&#8221;true&#8221; content_placement=&#8221;middle&#8221;][vc_column thb_color=&#8221;thb-light-column&#8221; width=&#8221;1\/2&#8243; el_class=&#8221;text-center&#8221; css=&#8221;.vc_custom_1733848447843{padding-top: 25% !important;padding-right: 5% !important;padding-bottom: 25% !important;padding-left: 5% !important;background: #23211f url(https:\/\/www.bosphoruscity.net\/tr\/wp-content\/uploads\/2024\/10\/b1.jpg?id=237) !important;background-position: center !important;background-repeat:&hellip;<\/p>\n","protected":false},"author":1,"featured_media":0,"parent":0,"menu_order":0,"comment_status":"closed","ping_status":"closed","template":"","meta":{"footnotes":""},"class_list":["post-372","page","type-page","status-publish","hentry"],"_links":{"self":[{"href":"https:\/\/www.bosphoruscity.net\/tr\/wp-json\/wp\/v2\/pages\/372","targetHints":{"allow":["GET"]}}],"collection":[{"href":"https:\/\/www.bosphoruscity.net\/tr\/wp-json\/wp\/v2\/pages"}],"about":[{"href":"https:\/\/www.bosphoruscity.net\/tr\/wp-json\/wp\/v2\/types\/page"}],"author":[{"embeddable":true,"href":"https:\/\/www.bosphoruscity.net\/tr\/wp-json\/wp\/v2\/users\/1"}],"replies":[{"embeddable":true,"href":"https:\/\/www.bosphoruscity.net\/tr\/wp-json\/wp\/v2\/comments?post=372"}],"version-history":[{"count":11,"href":"https:\/\/www.bosphoruscity.net\/tr\/wp-json\/wp\/v2\/pages\/372\/revisions"}],"predecessor-version":[{"id":715,"href":"https:\/\/www.bosphoruscity.net\/tr\/wp-json\/wp\/v2\/pages\/372\/revisions\/715"}],"wp:attachment":[{"href":"https:\/\/www.bosphoruscity.net\/tr\/wp-json\/wp\/v2\/media?parent=372"}],"curies":[{"name":"wp","href":"https:\/\/api.w.org\/{rel}","templated":true}]}}