{"id":436,"date":"2024-11-22T00:43:43","date_gmt":"2024-11-22T00:43:43","guid":{"rendered":"https:\/\/croncreative.com\/bosphoruscity\/?page_id=436"},"modified":"2024-12-27T12:48:33","modified_gmt":"2024-12-27T12:48:33","slug":"borclar-kanunu","status":"publish","type":"page","link":"https:\/\/www.bosphoruscity.net\/tr\/borclar-kanunu\/","title":{"rendered":"Bor\u00e7lar Kanunu"},"content":{"rendered":"[vc_row thb_full_width=&#8221;true&#8221; thb_row_padding=&#8221;true&#8221; thb_column_padding=&#8221;true&#8221; content_placement=&#8221;middle&#8221; thb_scroll_bottom=&#8221;true&#8221; thb_scroll_bottom_style=&#8221;style3&#8243; thb_scroll_bottom_color=&#8221;light&#8221; css=&#8221;.vc_custom_1733848983795{padding-top: 30vh !important;padding-bottom: 25vh !important;background-image: url(https:\/\/www.bosphoruscity.net\/tr\/wp-content\/uploads\/2024\/10\/biosp2.jpg?id=306) !important;background-position: center !important;background-repeat: no-repeat !important;background-size: cover !important;}&#8221;][vc_column thb_color=&#8221;thb-light-column&#8221;][vc_row_inner][vc_column_inner offset=&#8221;vc_col-lg-5 vc_col-md-8&#8243;][\/vc_column_inner][\/vc_row_inner][\/vc_column][\/vc_row][vc_row el_class=&#8221;align-center&#8221; css=&#8221;.vc_custom_1517737245068{padding-top: 15vh !important;padding-bottom: 5vh !important;}&#8221;][vc_column width=&#8221;1\/2&#8243; offset=&#8221;vc_col-lg-5 vc_col-md-5&#8243;]\t<div id=\"thb-slidetype-69ed0aa4c92aa\" class=\"thb-slidetype \" data-style=\"style1\">\n\t\t\n<h2><span class=\"thb-slidetype-entry\"><span class=\"lines\">Bor\u00e7lar Kanunu<\/span><\/span><\/h2>\n\t\t\t<\/div>\n\n\t[\/vc_column][vc_column width=&#8221;1\/2&#8243;][\/vc_column][\/vc_row][vc_row][vc_column width=&#8221;1\/2&#8243;]\t<div class=\"thb-page-menu-container\">\n\t\t<ul id=\"menu-mevzuat\" class=\"thb-page-menu style2\"><li id=\"menu-item-423\" class=\"menu-item menu-item-type-post_type menu-item-object-page menu-item-423\"><a href=\"https:\/\/www.bosphoruscity.net\/tr\/kat-mulkiyeti-kanunu\/\"><span>Kat M\u00fclkiyeti Kanunu<\/span><i class=\"fa fa-angle-right\"><\/i><\/a><\/li>\n<li id=\"menu-item-435\" class=\"menu-item menu-item-type-post_type menu-item-object-page menu-item-435\"><a href=\"https:\/\/www.bosphoruscity.net\/tr\/tebligat-kanunu\/\"><span>Tebligat Kanunu<\/span><i class=\"fa fa-angle-right\"><\/i><\/a><\/li>\n<li id=\"menu-item-439\" class=\"menu-item menu-item-type-post_type menu-item-object-page menu-item-439\"><a href=\"https:\/\/www.bosphoruscity.net\/tr\/borclar-kanunu\/\"><span>Bor\u00e7lar Kanunu<\/span><i class=\"fa fa-angle-right\"><\/i><\/a><\/li>\n<li id=\"menu-item-444\" class=\"menu-item menu-item-type-post_type menu-item-object-page menu-item-444\"><a href=\"https:\/\/www.bosphoruscity.net\/tr\/ceza-kanunu\/\"><span>Ceza Kanunu<\/span><i class=\"fa fa-angle-right\"><\/i><\/a><\/li>\n<li id=\"menu-item-448\" class=\"menu-item menu-item-type-post_type menu-item-object-page menu-item-448\"><a href=\"https:\/\/www.bosphoruscity.net\/tr\/imar-kanunu\/\"><span>\u0130mar Kanunu<\/span><i class=\"fa fa-angle-right\"><\/i><\/a><\/li>\n<li id=\"menu-item-451\" class=\"menu-item menu-item-type-post_type menu-item-object-page menu-item-451\"><a href=\"https:\/\/www.bosphoruscity.net\/tr\/sosyal-sigortalar-kanunu\/\"><span>Sosyal Sigortalar Kanunu<\/span><i class=\"fa fa-angle-right\"><\/i><\/a><\/li>\n<li id=\"menu-item-455\" class=\"menu-item menu-item-type-post_type menu-item-object-page menu-item-455\"><a href=\"https:\/\/www.bosphoruscity.net\/tr\/is-kanunu\/\"><span>\u0130\u015f Kanunu<\/span><i class=\"fa fa-angle-right\"><\/i><\/a><\/li>\n<li id=\"menu-item-459\" class=\"menu-item menu-item-type-post_type menu-item-object-page menu-item-459\"><a href=\"https:\/\/www.bosphoruscity.net\/tr\/asansor-yonetmeligi\/\"><span>Asans\u00f6r Y\u00f6netmeli\u011fi<\/span><i class=\"fa fa-angle-right\"><\/i><\/a><\/li>\n<li id=\"menu-item-464\" class=\"menu-item menu-item-type-post_type menu-item-object-page menu-item-464\"><a href=\"https:\/\/www.bosphoruscity.net\/tr\/ucretli-izin-yonetmeligi\/\"><span>\u00dccretli \u0130zin Y\u00f6netmeli\u011fi<\/span><i class=\"fa fa-angle-right\"><\/i><\/a><\/li>\n<li id=\"menu-item-467\" class=\"menu-item menu-item-type-post_type menu-item-object-page menu-item-467\"><a href=\"https:\/\/www.bosphoruscity.net\/tr\/imar-yonetmeligi\/\"><span>\u0130mar Y\u00f6netmeli\u011fi<\/span><i class=\"fa fa-angle-right\"><\/i><\/a><\/li>\n<li id=\"menu-item-471\" class=\"menu-item menu-item-type-post_type menu-item-object-page menu-item-471\"><a href=\"https:\/\/www.bosphoruscity.net\/tr\/konut-kapicilari-tuzugu\/\"><span>Konut Kap\u0131c\u0131lar\u0131 T\u00fcz\u00fc\u011f\u00fc<\/span><i class=\"fa fa-angle-right\"><\/i><\/a><\/li>\n<li id=\"menu-item-475\" class=\"menu-item menu-item-type-post_type menu-item-object-page menu-item-475\"><a href=\"https:\/\/www.bosphoruscity.net\/tr\/is-suresi-tuzugu\/\"><span>\u0130\u015f S\u00fcresi T\u00fcz\u00fc\u011f\u00fc<\/span><i class=\"fa fa-angle-right\"><\/i><\/a><\/li>\n<\/ul>\t<\/div>\n\t[vc_empty_space][\/vc_column][vc_column width=&#8221;1\/2&#8243;][vc_column_text]\n<div><b>K\u0130RA AKD\u0130 \u0130LE \u0130LG\u0130L\u0130 H\u00dcK\u00dcMLER ( C ) M\u00dcSTEC\u0130R\u0130N BOR\u00c7LARI(kirac\u0131n\u0131n bor\u00e7lar\u0131):<\/b><\/div>\n<div><\/div>\n<div><b>I- Borca muvaf\u0131k surette tekayy\u00fct:<\/b><\/div>\n<div><\/div>\n<div>Madde 256 \u2013 M\u00fcstecir mecuru kullan\u0131rken tam bir ihtimam dairesinde harekat ve apartman icar\u0131nda bina dahilinde oturanlara kar\u015f\u0131 icabeden vazifeleri ifa ile m\u00fckelleftir.<\/div>\n<div><\/div>\n<div>M\u00fcstecir vuku bulan ihtara ra\u011fmen bu m\u00fckellefiyete daimi surette muhalefet eder yahut a\u00e7\u0131ktan a\u00e7\u0131\u011fa fena kullanarak mecura daimi bir zarar iras eylerse mucir tazminat ile birlikte icar akdinin hemen feshini talep edebilir.<\/div>\n<div><\/div>\n<div>Mecurda,icras\u0131 mucire ait tamirata l\u00fczum has\u0131l oldu\u011fu yahut \u00fc\u00e7\u00fcnc\u00fc bir \u015fah\u0131s mecur \u00fczerinde bir hak iddia etti\u011fi takdirde;m\u00fcstecir,keyfiyeti hemen mucire ihbar etmekle m\u00fckelleftir.Aksi takdirde zarardan mesul olur.<\/div>\n<div><\/div>\n<div><b>II- Kiran\u0131n tediyesi<\/b><\/div>\n<div><\/div>\n<div>Madde 257 \u2013 M\u00fcstecir kiray\u0131 akit ile yahut mahalli adet ile muayyen olan zamanda tediyeye mecburdur.<\/div>\n<div><\/div>\n<div>B\u00f6yle muayyen bir zaman bulunmad\u0131\u011f\u0131 takdirde,icar alt\u0131 ayl\u0131k yahut senelik ise her alt\u0131 ay\u0131n m\u00fcrurunda ve daha az bir m\u00fcddet i\u00e7in ise beher ay\u0131n m\u00fcrurundan sonra nihayet icar m\u00fcddetinin hitam\u0131nda verilmek laz\u0131md\u0131r<\/div>\n<div><\/div>\n<div><b>M\u00fcstecirin \u00f6l\u00fcm\u00fc:<\/b><\/div>\n<div><\/div>\n<div>Madde 265 \u2013 M\u00fcstecirin vefat\u0131 halinde gerek miras\u00e7\u0131lar\u0131 gerek muci,bir sene veya daha uzun m\u00fcddetli icarlarda kanuni mehillere riayet \u015fartiyle,en yak\u0131n vakit i\u00e7in tazminat vermeksizin akdin feshini ihbar edebilirler.<\/div>\n<div><\/div>\n<div><b>BOR\u00c7LAR KANUNU(ilgili maddeler) (VEKALET AKD\u0130 \u0130LE \u0130LG\u0130L\u0130 H\u00dcK\u00dcMLER)<\/b><\/div>\n<div><\/div>\n<div>H\u00fcsn\u00fc suretle ifa m\u00fckellefiyeti umumiyet itibariyle<\/div>\n<div><\/div>\n<div>Madde 390 \u2013 Vekilin mesuliyeti,umumi surette i\u015f\u00e7inin mesuliyetine ait h\u00fck\u00fcmlere tabidir.<\/div>\n<div><\/div>\n<div>Vekil,m\u00fcvekkile kar\u015f\u0131 vekaleti iyi bir suretle ifa ile m\u00fckelleftir. Vekil,ba\u015fkas\u0131n\u0131 tevkile mezun veya hal icab\u0131na g\u00f6re mecbur olmad\u0131k\u00e7a veya adet ba\u015fkas\u0131n\u0131 kendi yerine ikameye m\u00fcsait bulunmad\u0131k\u00e7a m\u00fcvekkil\u00fcnbihi kendisi yapmaya mecburdur.<\/div>\n<div><\/div>\n<div><b>\u0130\u015fi bir \u00fc\u00e7\u00fcnc\u00fc \u015fahsa yapt\u0131rmak halinde<\/b><\/div>\n<div><\/div>\n<div>Madde 391 \u2013 Vekil,selahiyeti haricinde ba\u015fkas\u0131n\u0131 tevkil ettikte onun fiilinden kendi yapm\u0131\u015f gibi mesuld\u00fcr.<\/div>\n<div><\/div>\n<div>Vekil,ba\u015fkas\u0131n\u0131 tevkile selahiyettar oldu\u011fu takdirde,yaln\u0131z selahiyetini kullan\u0131rken ve talimat verirken tekayy\u00fct ve ihtimam g\u00f6stermekle m\u00fckelleftir. Her iki surette vekilin kendi yerine ikame etti\u011fi \u015fahsa kar\u015f\u0131 haiz oldu\u011fu b\u00fct\u00fcn haklar\u0131 m\u00fcvekkil,do\u011frudan do\u011fruya o \u015fahsa kar\u015f\u0131 dermeyan edebilir.<\/div>\n<div><\/div>\n<div><b>Hesap verme<\/b><\/div>\n<div><\/div>\n<div>Madde 392 \u2013 Vekil,m\u00fcvekkilin talebi \u00fczerine yapm\u0131\u015f oldu\u011fu i\u015fin hesab\u0131n\u0131 vermeye ve bu cihetten dolay\u0131 her ne nam ile olursa olsun alm\u0131\u015f oldu\u011fu \u015feyi m\u00fcvekkile tediyeye mecburdur.<\/div>\n[\/vc_column_text][\/vc_column][\/vc_row][vc_row thb_full_width=&#8221;true&#8221; thb_row_padding=&#8221;true&#8221; thb_column_padding=&#8221;true&#8221; content_placement=&#8221;middle&#8221;][vc_column thb_color=&#8221;thb-light-column&#8221; width=&#8221;1\/2&#8243; el_class=&#8221;text-center&#8221; css=&#8221;.vc_custom_1733848992768{padding-top: 25% !important;padding-right: 5% !important;padding-bottom: 25% !important;padding-left: 5% !important;background: #23211f url(https:\/\/www.bosphoruscity.net\/tr\/wp-content\/uploads\/2024\/10\/b1.jpg?id=237) !important;background-position: center !important;background-repeat: no-repeat !important;background-size: cover !important;}&#8221;]\t<div id=\"thb-slidetype-69ed0aa4ccca3\" class=\"thb-slidetype \" data-style=\"style2\">\n\t\t\n<h1><span class=\"thb-slidetype-entry\"><span class=\"lines\">\u0130leti\u015fim<\/span><\/span><\/h1>\n\t\t\t<\/div>\n\n\t[vc_empty_space height=&#8221;30px&#8221;]\t<a id=\"thb-button-69ed0aa4ccd2f\" class=\"btn style2 medium  white pill-radius animation left-to-right-3d   \" href=\"https:\/\/www.bosphoruscity.net\/tr\/iletisim\/\" target=\"_self\" role=\"button\">\n\t\t<span>\u0130leti\u015fim<\/span>\n\t\t\t<\/a>\n\t\t[\/vc_column][vc_column thb_color=&#8221;thb-light-column&#8221; width=&#8221;1\/2&#8243; el_class=&#8221;text-center&#8221; css=&#8221;.vc_custom_1733848998101{padding-top: 25% !important;padding-right: 5% !important;padding-bottom: 25% !important;padding-left: 5% !important;background: #443222 url(https:\/\/www.bosphoruscity.net\/tr\/wp-content\/uploads\/2024\/10\/b4.jpg?id=240) !important;background-position: center !important;background-repeat: no-repeat !important;background-size: cover !important;}&#8221;]\t<div id=\"thb-slidetype-69ed0aa4ccd7a\" class=\"thb-slidetype \" data-style=\"style2\">\n\t\t\n<h1><span class=\"thb-slidetype-entry\"><span class=\"lines\">Site Sakini Giri\u015fi<\/span><\/span><\/h1>\n\t\t\t<\/div>\n\n\t[vc_empty_space height=&#8221;30px&#8221;]\t<a id=\"thb-button-69ed0aa4ccda8\" class=\"btn style2 medium  white pill-radius animation right-to-left-3d   \" href=\"https:\/\/portal.senyonet.net\/#\/login?redirect=%2Fanasayfa\" target=\"_blank\" role=\"button\">\n\t\t<span>Giri\u015f Yap<\/span>\n\t\t\t<\/a>\n\t\t[\/vc_column][\/vc_row]\n","protected":false},"excerpt":{"rendered":"<p>[vc_row thb_full_width=&#8221;true&#8221; thb_row_padding=&#8221;true&#8221; thb_column_padding=&#8221;true&#8221; content_placement=&#8221;middle&#8221; thb_scroll_bottom=&#8221;true&#8221; thb_scroll_bottom_style=&#8221;style3&#8243; thb_scroll_bottom_color=&#8221;light&#8221; css=&#8221;.vc_custom_1733848983795{padding-top: 30vh !important;padding-bottom: 25vh !important;background-image: url(https:\/\/www.bosphoruscity.net\/tr\/wp-content\/uploads\/2024\/10\/biosp2.jpg?id=306) !important;background-position: center !important;background-repeat: no-repeat !important;background-size: cover !important;}&#8221;][vc_column thb_color=&#8221;thb-light-column&#8221;][vc_row_inner][vc_column_inner offset=&#8221;vc_col-lg-5 vc_col-md-8&#8243;][\/vc_column_inner][\/vc_row_inner][\/vc_column][\/vc_row][vc_row el_class=&#8221;align-center&#8221; css=&#8221;.vc_custom_1517737245068{padding-top: 15vh !important;padding-bottom: 5vh !important;}&#8221;][vc_column width=&#8221;1\/2&#8243; offset=&#8221;vc_col-lg-5 vc_col-md-5&#8243;][\/vc_column][vc_column width=&#8221;1\/2&#8243;][\/vc_column][\/vc_row][vc_row][vc_column width=&#8221;1\/2&#8243;][vc_empty_space][\/vc_column][vc_column width=&#8221;1\/2&#8243;][vc_column_text] K\u0130RA AKD\u0130 \u0130LE \u0130LG\u0130L\u0130 H\u00dcK\u00dcMLER ( C ) M\u00dcSTEC\u0130R\u0130N BOR\u00c7LARI(kirac\u0131n\u0131n bor\u00e7lar\u0131): I- Borca muvaf\u0131k surette tekayy\u00fct: Madde 256 \u2013&hellip;<\/p>\n","protected":false},"author":1,"featured_media":0,"parent":0,"menu_order":0,"comment_status":"closed","ping_status":"closed","template":"","meta":{"footnotes":""},"class_list":["post-436","page","type-page","status-publish","hentry"],"_links":{"self":[{"href":"https:\/\/www.bosphoruscity.net\/tr\/wp-json\/wp\/v2\/pages\/436","targetHints":{"allow":["GET"]}}],"collection":[{"href":"https:\/\/www.bosphoruscity.net\/tr\/wp-json\/wp\/v2\/pages"}],"about":[{"href":"https:\/\/www.bosphoruscity.net\/tr\/wp-json\/wp\/v2\/types\/page"}],"author":[{"embeddable":true,"href":"https:\/\/www.bosphoruscity.net\/tr\/wp-json\/wp\/v2\/users\/1"}],"replies":[{"embeddable":true,"href":"https:\/\/www.bosphoruscity.net\/tr\/wp-json\/wp\/v2\/comments?post=436"}],"version-history":[{"count":5,"href":"https:\/\/www.bosphoruscity.net\/tr\/wp-json\/wp\/v2\/pages\/436\/revisions"}],"predecessor-version":[{"id":671,"href":"https:\/\/www.bosphoruscity.net\/tr\/wp-json\/wp\/v2\/pages\/436\/revisions\/671"}],"wp:attachment":[{"href":"https:\/\/www.bosphoruscity.net\/tr\/wp-json\/wp\/v2\/media?parent=436"}],"curies":[{"name":"wp","href":"https:\/\/api.w.org\/{rel}","templated":true}]}}