{"id":447,"date":"2024-11-22T00:46:01","date_gmt":"2024-11-22T00:46:01","guid":{"rendered":"https:\/\/croncreative.com\/bosphoruscity\/?page_id=447"},"modified":"2024-12-10T18:39:57","modified_gmt":"2024-12-10T18:39:57","slug":"sosyal-sigortalar-kanunu","status":"publish","type":"page","link":"https:\/\/www.bosphoruscity.net\/tr\/sosyal-sigortalar-kanunu\/","title":{"rendered":"Sosyal Sigortalar Kanunu"},"content":{"rendered":"[vc_row thb_full_width=&#8221;true&#8221; thb_row_padding=&#8221;true&#8221; thb_column_padding=&#8221;true&#8221; content_placement=&#8221;middle&#8221; thb_scroll_bottom=&#8221;true&#8221; thb_scroll_bottom_style=&#8221;style3&#8243; thb_scroll_bottom_color=&#8221;light&#8221; css=&#8221;.vc_custom_1733849393854{padding-top: 30vh !important;padding-bottom: 25vh !important;background-image: url(https:\/\/www.bosphoruscity.net\/tr\/wp-content\/uploads\/2024\/10\/biosp2.jpg?id=306) !important;background-position: center !important;background-repeat: no-repeat !important;background-size: cover !important;}&#8221;][vc_column thb_color=&#8221;thb-light-column&#8221;][vc_row_inner][vc_column_inner offset=&#8221;vc_col-lg-5 vc_col-md-8&#8243;][\/vc_column_inner][\/vc_row_inner][\/vc_column][\/vc_row][vc_row el_class=&#8221;align-center&#8221; css=&#8221;.vc_custom_1517737245068{padding-top: 15vh !important;padding-bottom: 5vh !important;}&#8221;][vc_column width=&#8221;1\/2&#8243; offset=&#8221;vc_col-lg-5 vc_col-md-5&#8243;]\t<div id=\"thb-slidetype-69ed0a58526c2\" class=\"thb-slidetype \" data-style=\"style1\">\n\t\t\n<h2><span class=\"thb-slidetype-entry\"><span class=\"lines\">Sosyal Sigortalar Kanunu<\/span><\/span><\/h2>\n\t\t\t<\/div>\n\n\t[\/vc_column][vc_column width=&#8221;1\/2&#8243;][\/vc_column][\/vc_row][vc_row][vc_column width=&#8221;1\/2&#8243;]\t<div class=\"thb-page-menu-container\">\n\t\t<ul id=\"menu-mevzuat\" class=\"thb-page-menu style2\"><li id=\"menu-item-423\" class=\"menu-item menu-item-type-post_type menu-item-object-page menu-item-423\"><a href=\"https:\/\/www.bosphoruscity.net\/tr\/kat-mulkiyeti-kanunu\/\"><span>Kat M\u00fclkiyeti Kanunu<\/span><i class=\"fa fa-angle-right\"><\/i><\/a><\/li>\n<li id=\"menu-item-435\" class=\"menu-item menu-item-type-post_type menu-item-object-page menu-item-435\"><a href=\"https:\/\/www.bosphoruscity.net\/tr\/tebligat-kanunu\/\"><span>Tebligat Kanunu<\/span><i class=\"fa fa-angle-right\"><\/i><\/a><\/li>\n<li id=\"menu-item-439\" class=\"menu-item menu-item-type-post_type menu-item-object-page menu-item-439\"><a href=\"https:\/\/www.bosphoruscity.net\/tr\/borclar-kanunu\/\"><span>Bor\u00e7lar Kanunu<\/span><i class=\"fa fa-angle-right\"><\/i><\/a><\/li>\n<li id=\"menu-item-444\" class=\"menu-item menu-item-type-post_type menu-item-object-page menu-item-444\"><a href=\"https:\/\/www.bosphoruscity.net\/tr\/ceza-kanunu\/\"><span>Ceza Kanunu<\/span><i class=\"fa fa-angle-right\"><\/i><\/a><\/li>\n<li id=\"menu-item-448\" class=\"menu-item menu-item-type-post_type menu-item-object-page menu-item-448\"><a href=\"https:\/\/www.bosphoruscity.net\/tr\/imar-kanunu\/\"><span>\u0130mar Kanunu<\/span><i class=\"fa fa-angle-right\"><\/i><\/a><\/li>\n<li id=\"menu-item-451\" class=\"menu-item menu-item-type-post_type menu-item-object-page menu-item-451\"><a href=\"https:\/\/www.bosphoruscity.net\/tr\/sosyal-sigortalar-kanunu\/\"><span>Sosyal Sigortalar Kanunu<\/span><i class=\"fa fa-angle-right\"><\/i><\/a><\/li>\n<li id=\"menu-item-455\" class=\"menu-item menu-item-type-post_type menu-item-object-page menu-item-455\"><a href=\"https:\/\/www.bosphoruscity.net\/tr\/is-kanunu\/\"><span>\u0130\u015f Kanunu<\/span><i class=\"fa fa-angle-right\"><\/i><\/a><\/li>\n<li id=\"menu-item-459\" class=\"menu-item menu-item-type-post_type menu-item-object-page menu-item-459\"><a href=\"https:\/\/www.bosphoruscity.net\/tr\/asansor-yonetmeligi\/\"><span>Asans\u00f6r Y\u00f6netmeli\u011fi<\/span><i class=\"fa fa-angle-right\"><\/i><\/a><\/li>\n<li id=\"menu-item-464\" class=\"menu-item menu-item-type-post_type menu-item-object-page menu-item-464\"><a href=\"https:\/\/www.bosphoruscity.net\/tr\/ucretli-izin-yonetmeligi\/\"><span>\u00dccretli \u0130zin Y\u00f6netmeli\u011fi<\/span><i class=\"fa fa-angle-right\"><\/i><\/a><\/li>\n<li id=\"menu-item-467\" class=\"menu-item menu-item-type-post_type menu-item-object-page menu-item-467\"><a href=\"https:\/\/www.bosphoruscity.net\/tr\/imar-yonetmeligi\/\"><span>\u0130mar Y\u00f6netmeli\u011fi<\/span><i class=\"fa fa-angle-right\"><\/i><\/a><\/li>\n<li id=\"menu-item-471\" class=\"menu-item menu-item-type-post_type menu-item-object-page menu-item-471\"><a href=\"https:\/\/www.bosphoruscity.net\/tr\/konut-kapicilari-tuzugu\/\"><span>Konut Kap\u0131c\u0131lar\u0131 T\u00fcz\u00fc\u011f\u00fc<\/span><i class=\"fa fa-angle-right\"><\/i><\/a><\/li>\n<li id=\"menu-item-475\" class=\"menu-item menu-item-type-post_type menu-item-object-page menu-item-475\"><a href=\"https:\/\/www.bosphoruscity.net\/tr\/is-suresi-tuzugu\/\"><span>\u0130\u015f S\u00fcresi T\u00fcz\u00fc\u011f\u00fc<\/span><i class=\"fa fa-angle-right\"><\/i><\/a><\/li>\n<\/ul>\t<\/div>\n\t[vc_empty_space][\/vc_column][vc_column width=&#8221;1\/2&#8243;][vc_column_text]\n<div><b>Sigortal\u0131l\u0131\u011f\u0131n ba\u015flang\u0131c\u0131 ve mecburi olu\u015fu :<\/b><\/div>\n<div><\/div>\n<div>Madde 6 \u2013 \u00c7al\u0131\u015ft\u0131r\u0131lanlar,i\u015fe al\u0131nmalar\u0131yla kendili\u011finden \u201cSigortal\u0131\u201d olurlar. Sigortal\u0131lar ile bunlar\u0131n i\u015fverenleri hakk\u0131nda sigorta hak ve h\u00fck\u00fcmleri sigortal\u0131n\u0131n i\u015fe al\u0131nd\u0131\u011f\u0131 tarihten ba\u015flar.<\/div>\n<div><\/div>\n<div>Bu suretle sigortal\u0131 olmak hak ve y\u00fck\u00fcm\u00fcnden ka\u00e7\u0131n\u0131lamaz ve vazge\u00e7ilemez. S\u00f6zle\u015fmelere,sosyal sigorta yard\u0131m ve y\u00fck\u00fcmlerini azaltmak veya ba\u015fkas\u0131na devretmek yolunda h\u00fck\u00fcmler konulamaz.<\/div>\n<div><\/div>\n<div><b>\u00c7al\u0131\u015ft\u0131r\u0131lan sigortal\u0131lar\u0131 bildirme :<\/b><\/div>\n<div><\/div>\n<div>Madde 9 \u2013 \u0130\u015fveren,\u00e7al\u0131\u015ft\u0131rd\u0131\u011f\u0131 sigortal\u0131lar\u0131,\u00f6rne\u011fi kurumca haz\u0131rlanacak bildirgelerle en az bir ay i\u00e7inde kuruma bildirmeye mecburdur.<\/div>\n<div><\/div>\n<div><b>Prim belgeleri :<\/b><\/div>\n<div><\/div>\n<div>Madde 79 \u2013 (De\u011fi\u015fik:20\/6\/1987 -3395\/5 md.) \u0130\u015fveren bir ay i\u00e7inde \u00e7al\u0131\u015ft\u0131rd\u0131\u011f\u0131 sigortal\u0131n\u0131n sigorta primleri hesab\u0131na esas tutulan kazan\u00e7lar toplam\u0131 ve prim \u00f6deme g\u00fcn say\u0131lar\u0131 ile sigorta primlerini g\u00f6steren ve \u00f6rne\u011fi y\u00f6netmelikte belirlenen prim belhelerini ait oldu\u011fu ay\u0131 takip eden ay\u0131n sonuna kadar kuruma vermekle ve bu belgelerin muhteviyat\u0131n\u0131 do\u011frulayacak muteber i\u015fyeri kay\u0131tlar\u0131n\u0131 kurumca istenilmesi halinde ibraz etmekle veya sigortal\u0131 \u00e7al\u0131\u015ft\u0131rmad\u0131\u011f\u0131 takdirde,bu hususu yaz\u0131l\u0131 olarak \u00f6nceden kuruma bildirmekle y\u00fck\u00fcml\u00fcd\u00fcr. .\/&#8230;<\/div>\n<div><\/div>\n<div><b>Primlerin \u00f6denmesi<\/b><\/div>\n<div><\/div>\n<div>Madde 80 \u2013 (De\u011fi\u015fik 1\/12\/1993 \u2013 3917\/1 md.) \u0130\u015fveren,bir ay i\u00e7inde \u00e7al\u0131\u015ft\u0131rd\u0131\u011f\u0131 sigortal\u0131lar\u0131n primlerine esas tutulacak kazan\u00e7lar toplam\u0131 \u00fczerinden bu kanun gere\u011fince hesaplanacak prim tutarlar\u0131n\u0131 \u00fccretlerinden kesmeye ve kendisine ait prim tutarlar\u0131n\u0131 da bu miktara ekleyerek en ge\u00e7 ertesi ay\u0131n sonuna kadar kuruma \u00f6demeye mecburdur. .\/&#8230;<\/div>\n<div><\/div>\n<div><b>Muayene i\u00e7in verilecek belge :\u00a0<\/b><\/div>\n<div><\/div>\n<div>Madde 90 \u2013 (De\u011fi\u015fik:16\/6\/1975 \u2013 1912\/5 md.) \u0130\u015fveren,i\u015f kazas\u0131,meslek hastal\u0131\u011f\u0131,hastal\u0131k ve anal\u0131k hallerinde,sigortal\u0131n\u0131n kazanc\u0131 ve prim \u00f6deme g\u00fcn say\u0131lar\u0131n\u0131 g\u00f6stermek \u00fczere,\u00f6rne\u011fi kurumca haz\u0131rlanacak belgeyi d\u00fczenleyerek sigortal\u0131ya vermekle y\u00fck\u00fcml\u00fcd\u00fcr. &#8230;..\/&#8230;&#8230;.<\/div>\n[\/vc_column_text][\/vc_column][\/vc_row][vc_row thb_full_width=&#8221;true&#8221; thb_row_padding=&#8221;true&#8221; thb_column_padding=&#8221;true&#8221; content_placement=&#8221;middle&#8221;][vc_column thb_color=&#8221;thb-light-column&#8221; width=&#8221;1\/2&#8243; el_class=&#8221;text-center&#8221; css=&#8221;.vc_custom_1733849399896{padding-top: 25% !important;padding-right: 5% !important;padding-bottom: 25% !important;padding-left: 5% !important;background: #23211f url(https:\/\/www.bosphoruscity.net\/tr\/wp-content\/uploads\/2024\/10\/b1.jpg?id=237) !important;background-position: center !important;background-repeat: no-repeat !important;background-size: cover !important;}&#8221;]\t<div id=\"thb-slidetype-69ed0a5856d86\" class=\"thb-slidetype \" data-style=\"style2\">\n\t\t\n<h1><span class=\"thb-slidetype-entry\"><span class=\"lines\">\u0130leti\u015fim<\/span><\/span><\/h1>\n\t\t\t<\/div>\n\n\t[vc_empty_space height=&#8221;30px&#8221;]\t<a id=\"thb-button-69ed0a5856e13\" class=\"btn style2 medium  white pill-radius animation left-to-right-3d   \" href=\"https:\/\/www.bosphoruscity.net\/tr\/iletisim\/\" target=\"_self\" role=\"button\">\n\t\t<span>\u0130leti\u015fim<\/span>\n\t\t\t<\/a>\n\t\t[\/vc_column][vc_column thb_color=&#8221;thb-light-column&#8221; width=&#8221;1\/2&#8243; el_class=&#8221;text-center&#8221; css=&#8221;.vc_custom_1733849405819{padding-top: 25% !important;padding-right: 5% !important;padding-bottom: 25% !important;padding-left: 5% !important;background: #443222 url(https:\/\/www.bosphoruscity.net\/tr\/wp-content\/uploads\/2024\/10\/b4.jpg?id=240) !important;background-position: center !important;background-repeat: no-repeat !important;background-size: cover !important;}&#8221;]\t<div id=\"thb-slidetype-69ed0a5856e45\" class=\"thb-slidetype \" data-style=\"style2\">\n\t\t\n<h1><span class=\"thb-slidetype-entry\"><span class=\"lines\">Site Sakini Giri\u015fi<\/span><\/span><\/h1>\n\t\t\t<\/div>\n\n\t[vc_empty_space height=&#8221;30px&#8221;]\t<a id=\"thb-button-69ed0a5856e71\" class=\"btn style2 medium  white pill-radius animation right-to-left-3d   \" href=\"#\" target=\"_self\" role=\"button\">\n\t\t<span>Giri\u015f Yap<\/span>\n\t\t\t<\/a>\n\t\t[\/vc_column][\/vc_row]\n","protected":false},"excerpt":{"rendered":"<p>[vc_row thb_full_width=&#8221;true&#8221; thb_row_padding=&#8221;true&#8221; thb_column_padding=&#8221;true&#8221; content_placement=&#8221;middle&#8221; thb_scroll_bottom=&#8221;true&#8221; thb_scroll_bottom_style=&#8221;style3&#8243; thb_scroll_bottom_color=&#8221;light&#8221; css=&#8221;.vc_custom_1733849393854{padding-top: 30vh !important;padding-bottom: 25vh !important;background-image: url(https:\/\/www.bosphoruscity.net\/tr\/wp-content\/uploads\/2024\/10\/biosp2.jpg?id=306) !important;background-position: center !important;background-repeat: no-repeat !important;background-size: cover !important;}&#8221;][vc_column thb_color=&#8221;thb-light-column&#8221;][vc_row_inner][vc_column_inner offset=&#8221;vc_col-lg-5 vc_col-md-8&#8243;][\/vc_column_inner][\/vc_row_inner][\/vc_column][\/vc_row][vc_row el_class=&#8221;align-center&#8221; css=&#8221;.vc_custom_1517737245068{padding-top: 15vh !important;padding-bottom: 5vh !important;}&#8221;][vc_column width=&#8221;1\/2&#8243; offset=&#8221;vc_col-lg-5 vc_col-md-5&#8243;][\/vc_column][vc_column width=&#8221;1\/2&#8243;][\/vc_column][\/vc_row][vc_row][vc_column width=&#8221;1\/2&#8243;][vc_empty_space][\/vc_column][vc_column width=&#8221;1\/2&#8243;][vc_column_text] Sigortal\u0131l\u0131\u011f\u0131n ba\u015flang\u0131c\u0131 ve mecburi olu\u015fu : Madde 6 \u2013 \u00c7al\u0131\u015ft\u0131r\u0131lanlar,i\u015fe al\u0131nmalar\u0131yla kendili\u011finden \u201cSigortal\u0131\u201d olurlar. Sigortal\u0131lar ile bunlar\u0131n i\u015fverenleri hakk\u0131nda&hellip;<\/p>\n","protected":false},"author":1,"featured_media":0,"parent":0,"menu_order":0,"comment_status":"closed","ping_status":"closed","template":"","meta":{"footnotes":""},"class_list":["post-447","page","type-page","status-publish","hentry"],"_links":{"self":[{"href":"https:\/\/www.bosphoruscity.net\/tr\/wp-json\/wp\/v2\/pages\/447","targetHints":{"allow":["GET"]}}],"collection":[{"href":"https:\/\/www.bosphoruscity.net\/tr\/wp-json\/wp\/v2\/pages"}],"about":[{"href":"https:\/\/www.bosphoruscity.net\/tr\/wp-json\/wp\/v2\/types\/page"}],"author":[{"embeddable":true,"href":"https:\/\/www.bosphoruscity.net\/tr\/wp-json\/wp\/v2\/users\/1"}],"replies":[{"embeddable":true,"href":"https:\/\/www.bosphoruscity.net\/tr\/wp-json\/wp\/v2\/comments?post=447"}],"version-history":[{"count":3,"href":"https:\/\/www.bosphoruscity.net\/tr\/wp-json\/wp\/v2\/pages\/447\/revisions"}],"predecessor-version":[{"id":519,"href":"https:\/\/www.bosphoruscity.net\/tr\/wp-json\/wp\/v2\/pages\/447\/revisions\/519"}],"wp:attachment":[{"href":"https:\/\/www.bosphoruscity.net\/tr\/wp-json\/wp\/v2\/media?parent=447"}],"curies":[{"name":"wp","href":"https:\/\/api.w.org\/{rel}","templated":true}]}}