{"id":456,"date":"2024-11-22T00:48:03","date_gmt":"2024-11-22T00:48:03","guid":{"rendered":"https:\/\/croncreative.com\/bosphoruscity\/?page_id=456"},"modified":"2024-12-27T12:47:31","modified_gmt":"2024-12-27T12:47:31","slug":"asansor-yonetmeligi","status":"publish","type":"page","link":"https:\/\/www.bosphoruscity.net\/tr\/asansor-yonetmeligi\/","title":{"rendered":"Asans\u00f6r Y\u00f6netmeli\u011fi"},"content":{"rendered":"[vc_row thb_full_width=&#8221;true&#8221; thb_row_padding=&#8221;true&#8221; thb_column_padding=&#8221;true&#8221; content_placement=&#8221;middle&#8221; thb_scroll_bottom=&#8221;true&#8221; thb_scroll_bottom_style=&#8221;style3&#8243; thb_scroll_bottom_color=&#8221;light&#8221; css=&#8221;.vc_custom_1733849417681{padding-top: 30vh !important;padding-bottom: 25vh !important;background-image: url(https:\/\/www.bosphoruscity.net\/tr\/wp-content\/uploads\/2024\/10\/biosp2.jpg?id=306) !important;background-position: center !important;background-repeat: no-repeat !important;background-size: cover !important;}&#8221;][vc_column thb_color=&#8221;thb-light-column&#8221;][vc_row_inner][vc_column_inner offset=&#8221;vc_col-lg-5 vc_col-md-8&#8243;][\/vc_column_inner][\/vc_row_inner][\/vc_column][\/vc_row][vc_row el_class=&#8221;align-center&#8221; css=&#8221;.vc_custom_1517737245068{padding-top: 15vh !important;padding-bottom: 5vh !important;}&#8221;][vc_column width=&#8221;1\/2&#8243; offset=&#8221;vc_col-lg-5 vc_col-md-5&#8243;]\t<div id=\"thb-slidetype-69ed0aa308875\" class=\"thb-slidetype \" data-style=\"style1\">\n\t\t\n<h2><span class=\"thb-slidetype-entry\"><span class=\"lines\">Asans\u00f6r Y\u00f6netmeli\u011fi<\/span><\/span><\/h2>\n\t\t\t<\/div>\n\n\t[\/vc_column][vc_column width=&#8221;1\/2&#8243;][\/vc_column][\/vc_row][vc_row][vc_column width=&#8221;1\/2&#8243;]\t<div class=\"thb-page-menu-container\">\n\t\t<ul id=\"menu-mevzuat\" class=\"thb-page-menu style2\"><li id=\"menu-item-423\" class=\"menu-item menu-item-type-post_type menu-item-object-page menu-item-423\"><a href=\"https:\/\/www.bosphoruscity.net\/tr\/kat-mulkiyeti-kanunu\/\"><span>Kat M\u00fclkiyeti Kanunu<\/span><i class=\"fa fa-angle-right\"><\/i><\/a><\/li>\n<li id=\"menu-item-435\" class=\"menu-item menu-item-type-post_type menu-item-object-page menu-item-435\"><a href=\"https:\/\/www.bosphoruscity.net\/tr\/tebligat-kanunu\/\"><span>Tebligat Kanunu<\/span><i class=\"fa fa-angle-right\"><\/i><\/a><\/li>\n<li id=\"menu-item-439\" class=\"menu-item menu-item-type-post_type menu-item-object-page menu-item-439\"><a href=\"https:\/\/www.bosphoruscity.net\/tr\/borclar-kanunu\/\"><span>Bor\u00e7lar Kanunu<\/span><i class=\"fa fa-angle-right\"><\/i><\/a><\/li>\n<li id=\"menu-item-444\" class=\"menu-item menu-item-type-post_type menu-item-object-page menu-item-444\"><a href=\"https:\/\/www.bosphoruscity.net\/tr\/ceza-kanunu\/\"><span>Ceza Kanunu<\/span><i class=\"fa fa-angle-right\"><\/i><\/a><\/li>\n<li id=\"menu-item-448\" class=\"menu-item menu-item-type-post_type menu-item-object-page menu-item-448\"><a href=\"https:\/\/www.bosphoruscity.net\/tr\/imar-kanunu\/\"><span>\u0130mar Kanunu<\/span><i class=\"fa fa-angle-right\"><\/i><\/a><\/li>\n<li id=\"menu-item-451\" class=\"menu-item menu-item-type-post_type menu-item-object-page menu-item-451\"><a href=\"https:\/\/www.bosphoruscity.net\/tr\/sosyal-sigortalar-kanunu\/\"><span>Sosyal Sigortalar Kanunu<\/span><i class=\"fa fa-angle-right\"><\/i><\/a><\/li>\n<li id=\"menu-item-455\" class=\"menu-item menu-item-type-post_type menu-item-object-page menu-item-455\"><a href=\"https:\/\/www.bosphoruscity.net\/tr\/is-kanunu\/\"><span>\u0130\u015f Kanunu<\/span><i class=\"fa fa-angle-right\"><\/i><\/a><\/li>\n<li id=\"menu-item-459\" class=\"menu-item menu-item-type-post_type menu-item-object-page menu-item-459\"><a href=\"https:\/\/www.bosphoruscity.net\/tr\/asansor-yonetmeligi\/\"><span>Asans\u00f6r Y\u00f6netmeli\u011fi<\/span><i class=\"fa fa-angle-right\"><\/i><\/a><\/li>\n<li id=\"menu-item-464\" class=\"menu-item menu-item-type-post_type menu-item-object-page menu-item-464\"><a href=\"https:\/\/www.bosphoruscity.net\/tr\/ucretli-izin-yonetmeligi\/\"><span>\u00dccretli \u0130zin Y\u00f6netmeli\u011fi<\/span><i class=\"fa fa-angle-right\"><\/i><\/a><\/li>\n<li id=\"menu-item-467\" class=\"menu-item menu-item-type-post_type menu-item-object-page menu-item-467\"><a href=\"https:\/\/www.bosphoruscity.net\/tr\/imar-yonetmeligi\/\"><span>\u0130mar Y\u00f6netmeli\u011fi<\/span><i class=\"fa fa-angle-right\"><\/i><\/a><\/li>\n<li id=\"menu-item-471\" class=\"menu-item menu-item-type-post_type menu-item-object-page menu-item-471\"><a href=\"https:\/\/www.bosphoruscity.net\/tr\/konut-kapicilari-tuzugu\/\"><span>Konut Kap\u0131c\u0131lar\u0131 T\u00fcz\u00fc\u011f\u00fc<\/span><i class=\"fa fa-angle-right\"><\/i><\/a><\/li>\n<li id=\"menu-item-475\" class=\"menu-item menu-item-type-post_type menu-item-object-page menu-item-475\"><a href=\"https:\/\/www.bosphoruscity.net\/tr\/is-suresi-tuzugu\/\"><span>\u0130\u015f S\u00fcresi T\u00fcz\u00fc\u011f\u00fc<\/span><i class=\"fa fa-angle-right\"><\/i><\/a><\/li>\n<\/ul>\t<\/div>\n\t[vc_empty_space][\/vc_column][vc_column width=&#8221;1\/2&#8243;][vc_column_text]\n<div><b>Ama\u00e7<\/b><\/div>\n<div><\/div>\n<div>Madde 1 \u2013 Bu y\u00f6netmelik,asans\u00f6rlerin standartlar\u0131na uygun olarak yap\u0131lmas\u0131 ve i\u015fletilmesinin d\u00fczenlenmesini ama\u00e7lar.<\/div>\n<div><\/div>\n<div><b>Kapsam<\/b><\/div>\n<div><\/div>\n<div>Madde 2 \u2013 Bu y\u00f6netmelik,ilgili imar kanunu usul ve mevzuatlar\u0131na g\u00f6re yap\u0131lacak yap\u0131lara tesis edilecek her t\u00fcrl\u00fc asans\u00f6rlerin projelendirilmesi,aksam\u0131n imali,asans\u00f6r yerinin haz\u0131rlanmas\u0131,montaj,kontrol ve deneylerinin yap\u0131lmas\u0131, bak\u0131m\u0131,i\u015fletilmesi ve y\u0131ll\u0131k kontrollar\u0131nda uyulmas\u0131 gereken standartlar\u0131 ve uygulama esaslar\u0131n\u0131n yap\u0131l\u0131\u015f \u015feklini kapsar.<\/div>\n<div><\/div>\n<div><b>\u0130\u015fletme ruhsat\u0131<\/b><\/div>\n<div><\/div>\n<div>Madde 23 \u2013 a)Asans\u00f6r firmas\u0131 yapt\u0131\u011f\u0131 her asans\u00f6r i\u00e7in belediyelerden veya belediye hudutlar\u0131 d\u0131\u015f\u0131ndaki yap\u0131lar i\u00e7in valiliklerden i\u015fletme ruhsat\u0131 alacakt\u0131r. .\/&#8230;<\/div>\n<div><\/div>\n<div><b>Y\u0131ll\u0131k kontrol<\/b><\/div>\n<div><\/div>\n<div>Madde 25 \u2013Yap\u0131n\u0131n ba\u011fl\u0131 bulundu\u011fu belediyelerce veya belediye hudutlar\u0131 d\u0131\u015f\u0131ndaki yap\u0131lar i\u00e7in valiliklerce y\u0131lda en az bir kere her asans\u00f6r\u00fcn kontrolu yap\u0131lacakt\u0131r. Ancak kadrosunda yeterli teknik eleman bulunmayan belediyeler veya valilikler y\u0131ll\u0131k kontrol i\u015fini,d\u0131\u015far\u0131dan elektrik ve\/veya makine m\u00fchendisine yapt\u0131rabilecektir.Bu m\u00fchendis emniyet ve i\u015fletme y\u00f6n\u00fcnden tesisin i\u015fletilmesine engel bulunmad\u0131\u011f\u0131n\u0131 belirten ve sorumlulu\u011funu ta\u015f\u0131yan bir rapor verilecektir.Bu rapor 3 n\u00fcsha olacak, belediyede veya valilikte bak\u0131mc\u0131 firmada ve kullan\u0131c\u0131da kalacakt\u0131r.Bu raporun tanzim ettirilmesinin takibinden asans\u00f6r\u00fcn bulundu\u011fu binan\u0131n y\u00f6neticisi ve bak\u0131m\u0131n\u0131 yapan firma m\u00fc\u015ftereken sorumludur.<\/div>\n[\/vc_column_text][\/vc_column][\/vc_row][vc_row thb_full_width=&#8221;true&#8221; thb_row_padding=&#8221;true&#8221; thb_column_padding=&#8221;true&#8221; content_placement=&#8221;middle&#8221;][vc_column thb_color=&#8221;thb-light-column&#8221; width=&#8221;1\/2&#8243; el_class=&#8221;text-center&#8221; css=&#8221;.vc_custom_1733849423259{padding-top: 25% !important;padding-right: 5% !important;padding-bottom: 25% !important;padding-left: 5% !important;background: #23211f url(https:\/\/www.bosphoruscity.net\/tr\/wp-content\/uploads\/2024\/10\/b1.jpg?id=237) !important;background-position: center !important;background-repeat: no-repeat !important;background-size: cover !important;}&#8221;]\t<div id=\"thb-slidetype-69ed0aa30de15\" class=\"thb-slidetype \" data-style=\"style2\">\n\t\t\n<h1><span class=\"thb-slidetype-entry\"><span class=\"lines\">\u0130leti\u015fim<\/span><\/span><\/h1>\n\t\t\t<\/div>\n\n\t[vc_empty_space height=&#8221;30px&#8221;]\t<a id=\"thb-button-69ed0aa30deaf\" class=\"btn style2 medium  white pill-radius animation left-to-right-3d   \" href=\"https:\/\/www.bosphoruscity.net\/tr\/iletisim\/\" target=\"_self\" role=\"button\">\n\t\t<span>\u0130leti\u015fim<\/span>\n\t\t\t<\/a>\n\t\t[\/vc_column][vc_column thb_color=&#8221;thb-light-column&#8221; width=&#8221;1\/2&#8243; el_class=&#8221;text-center&#8221; css=&#8221;.vc_custom_1733849437153{padding-top: 25% !important;padding-right: 5% !important;padding-bottom: 25% !important;padding-left: 5% !important;background: #443222 url(https:\/\/www.bosphoruscity.net\/tr\/wp-content\/uploads\/2024\/10\/b4.jpg?id=240) !important;background-position: center !important;background-repeat: no-repeat !important;background-size: cover !important;}&#8221;]\t<div id=\"thb-slidetype-69ed0aa30df0b\" class=\"thb-slidetype \" data-style=\"style2\">\n\t\t\n<h1><span class=\"thb-slidetype-entry\"><span class=\"lines\">Site Sakini Giri\u015fi<\/span><\/span><\/h1>\n\t\t\t<\/div>\n\n\t[vc_empty_space height=&#8221;30px&#8221;]\t<a id=\"thb-button-69ed0aa30df3a\" class=\"btn style2 medium  white pill-radius animation right-to-left-3d   \" href=\"https:\/\/portal.senyonet.net\/#\/login?redirect=%2Fanasayfa\" target=\"_blank\" role=\"button\">\n\t\t<span>Giri\u015f Yap<\/span>\n\t\t\t<\/a>\n\t\t[\/vc_column][\/vc_row]\n","protected":false},"excerpt":{"rendered":"<p>[vc_row thb_full_width=&#8221;true&#8221; thb_row_padding=&#8221;true&#8221; thb_column_padding=&#8221;true&#8221; content_placement=&#8221;middle&#8221; thb_scroll_bottom=&#8221;true&#8221; thb_scroll_bottom_style=&#8221;style3&#8243; thb_scroll_bottom_color=&#8221;light&#8221; css=&#8221;.vc_custom_1733849417681{padding-top: 30vh !important;padding-bottom: 25vh !important;background-image: url(https:\/\/www.bosphoruscity.net\/tr\/wp-content\/uploads\/2024\/10\/biosp2.jpg?id=306) !important;background-position: center !important;background-repeat: no-repeat !important;background-size: cover !important;}&#8221;][vc_column thb_color=&#8221;thb-light-column&#8221;][vc_row_inner][vc_column_inner offset=&#8221;vc_col-lg-5 vc_col-md-8&#8243;][\/vc_column_inner][\/vc_row_inner][\/vc_column][\/vc_row][vc_row el_class=&#8221;align-center&#8221; css=&#8221;.vc_custom_1517737245068{padding-top: 15vh !important;padding-bottom: 5vh !important;}&#8221;][vc_column width=&#8221;1\/2&#8243; offset=&#8221;vc_col-lg-5 vc_col-md-5&#8243;][\/vc_column][vc_column width=&#8221;1\/2&#8243;][\/vc_column][\/vc_row][vc_row][vc_column width=&#8221;1\/2&#8243;][vc_empty_space][\/vc_column][vc_column width=&#8221;1\/2&#8243;][vc_column_text] Ama\u00e7 Madde 1 \u2013 Bu y\u00f6netmelik,asans\u00f6rlerin standartlar\u0131na uygun olarak yap\u0131lmas\u0131 ve i\u015fletilmesinin d\u00fczenlenmesini ama\u00e7lar. Kapsam Madde 2 \u2013 Bu&hellip;<\/p>\n","protected":false},"author":1,"featured_media":0,"parent":0,"menu_order":0,"comment_status":"closed","ping_status":"closed","template":"","meta":{"footnotes":""},"class_list":["post-456","page","type-page","status-publish","hentry"],"_links":{"self":[{"href":"https:\/\/www.bosphoruscity.net\/tr\/wp-json\/wp\/v2\/pages\/456","targetHints":{"allow":["GET"]}}],"collection":[{"href":"https:\/\/www.bosphoruscity.net\/tr\/wp-json\/wp\/v2\/pages"}],"about":[{"href":"https:\/\/www.bosphoruscity.net\/tr\/wp-json\/wp\/v2\/types\/page"}],"author":[{"embeddable":true,"href":"https:\/\/www.bosphoruscity.net\/tr\/wp-json\/wp\/v2\/users\/1"}],"replies":[{"embeddable":true,"href":"https:\/\/www.bosphoruscity.net\/tr\/wp-json\/wp\/v2\/comments?post=456"}],"version-history":[{"count":4,"href":"https:\/\/www.bosphoruscity.net\/tr\/wp-json\/wp\/v2\/pages\/456\/revisions"}],"predecessor-version":[{"id":669,"href":"https:\/\/www.bosphoruscity.net\/tr\/wp-json\/wp\/v2\/pages\/456\/revisions\/669"}],"wp:attachment":[{"href":"https:\/\/www.bosphoruscity.net\/tr\/wp-json\/wp\/v2\/media?parent=456"}],"curies":[{"name":"wp","href":"https:\/\/api.w.org\/{rel}","templated":true}]}}