{"id":463,"date":"2024-11-22T00:51:07","date_gmt":"2024-11-22T00:51:07","guid":{"rendered":"https:\/\/croncreative.com\/bosphoruscity\/?page_id=463"},"modified":"2024-12-10T16:54:35","modified_gmt":"2024-12-10T16:54:35","slug":"imar-yonetmeligi","status":"publish","type":"page","link":"https:\/\/www.bosphoruscity.net\/tr\/imar-yonetmeligi\/","title":{"rendered":"\u0130mar Y\u00f6netmeli\u011fi"},"content":{"rendered":"[vc_row thb_full_width=&#8221;true&#8221; thb_row_padding=&#8221;true&#8221; thb_column_padding=&#8221;true&#8221; content_placement=&#8221;middle&#8221; thb_scroll_bottom=&#8221;true&#8221; thb_scroll_bottom_style=&#8221;style3&#8243; thb_scroll_bottom_color=&#8221;light&#8221; css=&#8221;.vc_custom_1732232881889{padding-top: 30vh !important;padding-bottom: 25vh !important;background-image: url(https:\/\/croncreative.com\/bosphoruscity\/wp-content\/uploads\/2024\/10\/biosp2.jpg?id=306) !important;background-position: center !important;background-repeat: no-repeat !important;background-size: cover !important;}&#8221;][vc_column thb_color=&#8221;thb-light-column&#8221;][vc_row_inner][vc_column_inner offset=&#8221;vc_col-lg-5 vc_col-md-8&#8243;][\/vc_column_inner][\/vc_row_inner][\/vc_column][\/vc_row][vc_row el_class=&#8221;align-center&#8221; css=&#8221;.vc_custom_1517737245068{padding-top: 15vh !important;padding-bottom: 5vh !important;}&#8221;][vc_column width=&#8221;1\/2&#8243; offset=&#8221;vc_col-lg-5 vc_col-md-5&#8243;]\t<div id=\"thb-slidetype-69ed0a2ca035f\" class=\"thb-slidetype \" data-style=\"style1\">\n\t\t\n<h2><span class=\"thb-slidetype-entry\"><span class=\"lines\">\u0130mar Y\u00f6netmeli\u011fi<\/span><\/span><\/h2>\n\t\t\t<\/div>\n\n\t[\/vc_column][vc_column width=&#8221;1\/2&#8243;][\/vc_column][\/vc_row][vc_row][vc_column width=&#8221;1\/2&#8243;]\t<div class=\"thb-page-menu-container\">\n\t\t<ul id=\"menu-mevzuat\" class=\"thb-page-menu style2\"><li id=\"menu-item-423\" class=\"menu-item menu-item-type-post_type menu-item-object-page menu-item-423\"><a href=\"https:\/\/www.bosphoruscity.net\/tr\/kat-mulkiyeti-kanunu\/\"><span>Kat M\u00fclkiyeti Kanunu<\/span><i class=\"fa fa-angle-right\"><\/i><\/a><\/li>\n<li id=\"menu-item-435\" class=\"menu-item menu-item-type-post_type menu-item-object-page menu-item-435\"><a href=\"https:\/\/www.bosphoruscity.net\/tr\/tebligat-kanunu\/\"><span>Tebligat Kanunu<\/span><i class=\"fa fa-angle-right\"><\/i><\/a><\/li>\n<li id=\"menu-item-439\" class=\"menu-item menu-item-type-post_type menu-item-object-page menu-item-439\"><a href=\"https:\/\/www.bosphoruscity.net\/tr\/borclar-kanunu\/\"><span>Bor\u00e7lar Kanunu<\/span><i class=\"fa fa-angle-right\"><\/i><\/a><\/li>\n<li id=\"menu-item-444\" class=\"menu-item menu-item-type-post_type menu-item-object-page menu-item-444\"><a href=\"https:\/\/www.bosphoruscity.net\/tr\/ceza-kanunu\/\"><span>Ceza Kanunu<\/span><i class=\"fa fa-angle-right\"><\/i><\/a><\/li>\n<li id=\"menu-item-448\" class=\"menu-item menu-item-type-post_type menu-item-object-page menu-item-448\"><a href=\"https:\/\/www.bosphoruscity.net\/tr\/imar-kanunu\/\"><span>\u0130mar Kanunu<\/span><i class=\"fa fa-angle-right\"><\/i><\/a><\/li>\n<li id=\"menu-item-451\" class=\"menu-item menu-item-type-post_type menu-item-object-page menu-item-451\"><a href=\"https:\/\/www.bosphoruscity.net\/tr\/sosyal-sigortalar-kanunu\/\"><span>Sosyal Sigortalar Kanunu<\/span><i class=\"fa fa-angle-right\"><\/i><\/a><\/li>\n<li id=\"menu-item-455\" class=\"menu-item menu-item-type-post_type menu-item-object-page menu-item-455\"><a href=\"https:\/\/www.bosphoruscity.net\/tr\/is-kanunu\/\"><span>\u0130\u015f Kanunu<\/span><i class=\"fa fa-angle-right\"><\/i><\/a><\/li>\n<li id=\"menu-item-459\" class=\"menu-item menu-item-type-post_type menu-item-object-page menu-item-459\"><a href=\"https:\/\/www.bosphoruscity.net\/tr\/asansor-yonetmeligi\/\"><span>Asans\u00f6r Y\u00f6netmeli\u011fi<\/span><i class=\"fa fa-angle-right\"><\/i><\/a><\/li>\n<li id=\"menu-item-464\" class=\"menu-item menu-item-type-post_type menu-item-object-page menu-item-464\"><a href=\"https:\/\/www.bosphoruscity.net\/tr\/ucretli-izin-yonetmeligi\/\"><span>\u00dccretli \u0130zin Y\u00f6netmeli\u011fi<\/span><i class=\"fa fa-angle-right\"><\/i><\/a><\/li>\n<li id=\"menu-item-467\" class=\"menu-item menu-item-type-post_type menu-item-object-page menu-item-467\"><a href=\"https:\/\/www.bosphoruscity.net\/tr\/imar-yonetmeligi\/\"><span>\u0130mar Y\u00f6netmeli\u011fi<\/span><i class=\"fa fa-angle-right\"><\/i><\/a><\/li>\n<li id=\"menu-item-471\" class=\"menu-item menu-item-type-post_type menu-item-object-page menu-item-471\"><a href=\"https:\/\/www.bosphoruscity.net\/tr\/konut-kapicilari-tuzugu\/\"><span>Konut Kap\u0131c\u0131lar\u0131 T\u00fcz\u00fc\u011f\u00fc<\/span><i class=\"fa fa-angle-right\"><\/i><\/a><\/li>\n<li id=\"menu-item-475\" class=\"menu-item menu-item-type-post_type menu-item-object-page menu-item-475\"><a href=\"https:\/\/www.bosphoruscity.net\/tr\/is-suresi-tuzugu\/\"><span>\u0130\u015f S\u00fcresi T\u00fcz\u00fc\u011f\u00fc<\/span><i class=\"fa fa-angle-right\"><\/i><\/a><\/li>\n<\/ul>\t<\/div>\n\t[vc_empty_space][\/vc_column][vc_column width=&#8221;1\/2&#8243;][vc_column_text]\n<div class=\"container-md d-flex mevzuatRightSideSectionBlueBarThirdTemplate\">\n<div class=\"rightItemMevzuatSectionInSideThirdTemplate generalptb4\">\n<div class=\"icerikMevzuatInSideThirdTemplate\">\n<div>\n<div><b>BELED\u0130YE VE M\u00dcCAV\u0130R ALAN SINIRLARI \u0130\u00c7\u0130NDE VE DI\u015eINDA \u0130MAR PLANI<\/b><\/div>\n<div><b>BULUNMAYAN ALANLARDA UYGULANACAK \u0130MAR Y\u00d6NETMEL\u0130\u011e\u0130<\/b><\/div>\n<div><\/div>\n<div><b>Esasl\u0131 tamirler<\/b><\/div>\n<div><\/div>\n<div>Madde 40 \u2013 Binan\u0131n plan ve g\u00f6r\u00fcn\u00fc\u015f\u00fcne statik b\u00fcnyesine tesir etmeyen esasl\u0131 tamirler ruhsata tabi olup;bunlar i\u00e7in plan,proje resim ve hesap istenmez.<\/div>\n<div><\/div>\n<div><b>Adi tamir<\/b><\/div>\n<div><\/div>\n<div>Madde 41 \u2013 Derz ,i\u00e7 ve d\u0131\u015f s\u0131va, badana ,boya, oluk,dere,do\u011frama,d\u00f6\u015feme ve tavan kaplamalar\u0131, elektrik, s\u0131hhi tesisat,korkuluk,paratoner,pergole ve benzerlerinin tamirleri ile b\u00f6lme duvar\u0131,bah\u00e7e duvar\u0131,baca ve sa\u00e7ak ve benzeri elemanlar\u0131n tamiri ve yoldan g\u00f6r\u00fcnmeyen k\u00fc\u00e7\u00fck ve basit k\u00fcmes yap\u0131lmas\u0131 ruhsata tabi de\u011fildir.<\/div>\n<div><\/div>\n<div><b>\u0130skele kurulmas\u0131<\/b><\/div>\n<div><\/div>\n<div>Madde 42- Cadde ve kald\u0131r\u0131m \u00fczerine iskele kurulmas\u0131 gerektiren hallerde ilgili idareye iskele kurulmas\u0131 i\u00e7in yaz\u0131 ile m\u00fcracaat edilmesi zorunludur ve yeterlidir.<\/div>\n<div><\/div>\n<div><b>\u00c7at\u0131lar ve d\u0131\u015f g\u00f6r\u00fcn\u00fcm<\/b><\/div>\n<div><\/div>\n<div>Madde 35 \u2013 (De\u011fi\u015fik:12\/8\/1987 tarih ve 19542 say\u0131l\u0131 R.G\u2019de yay\u0131nlanan y\u00f6netmelikle de\u011fi\u015fik \u015fekli.)\u00c7at\u0131lar\u0131n,civar\u0131ndaki cadde ve sokaklar\u0131n karakterine g\u00f6re yap\u0131lacak binan\u0131n durum ve ihtiyac\u0131na uygun olmas\u0131 \u015fartt\u0131r.\u00c7at\u0131 meyilleri kullan\u0131lacak \u00e7at\u0131 malzemesi ile y\u00f6renin \u00f6zelli\u011fi ve iklim \u015fartlar\u0131 dikkate al\u0131narak belediyenin tasvibi ile tayin edilir.<\/div>\n<div><\/div>\n<div>\u00c7at\u0131 aralar\u0131nda ba\u011f\u0131ms\u0131z b\u00f6l\u00fcm yap\u0131lmaz.Bu k\u0131s\u0131mlarda ancak su deposu, asans\u00f6r kulesi ve son kattaki ba\u011f\u0131ms\u0131z b\u00f6l\u00fcmlerle irtibatl\u0131 piyesler yap\u0131labilir;<\/div>\n<div><\/div>\n<div>ancak \u00fcst kat tavan d\u00f6\u015femesi ile \u00e7at\u0131 \u00f6rt\u00fcs\u00fc aras\u0131nda kalan bu hacimler,ilave kat d\u00f6\u015femeleri yap\u0131lmak suretiyle b\u00f6l\u00fcnemezler.\u00d6zelli\u011fi olan binalarda,ancak bakanl\u0131k g\u00f6r\u00fc\u015f\u00fc do\u011frultusunda i\u015flem yap\u0131l\u0131r.<\/div>\n<div><\/div>\n<div>Merdiven evi ve \u0131\u015f\u0131klar,\u00e7at\u0131 gabarisini(0.50)m. a\u015fabilir.<\/div>\n<div><\/div>\n<div>Teras \u00e7at\u0131larda yap\u0131lacak en \u00e7ok(0.90)m .y\u00fcksekli\u011finde kagir korkuluk,bina y\u00fcksekli\u011fine dahil de\u011fildir.<\/div>\n<div><\/div>\n<div>Belediye mahallin ve \u00e7evrenin \u00f6zelliklerine g\u00f6re yap\u0131lar aras\u0131nda uyum sa\u011flamak,g\u00fczel bir g\u00f6r\u00fcn\u00fcm elde etmek amac\u0131 ile d\u0131\u015f cephe boya ve kaplamalar\u0131 ile \u00e7at\u0131n\u0131n malzemesini ve rengini tayin etmeye yetkilidir.Evvelce yap\u0131lm\u0131\u015f olan olan yap\u0131lar i\u00e7inde bu yetki kullan\u0131l\u0131r.<\/div>\n<div><\/div>\n<div><b>Binalarda yang\u0131n \u00f6nlemleri<\/b><\/div>\n<div><\/div>\n<div>Madde 44 \u2013 (De\u011fi\u015fik:2\/9\/1999 tarih ve 23804 say\u0131l\u0131 R.Gazete) Binalarda al\u0131nmas\u0131 gereken yang\u0131n \u00f6nlemleri a\u015fa\u011f\u0131da belirtilmi\u015ftir.<\/div>\n<div><\/div>\n<div>a)(De\u011fi\u015fik:13\/7\/2000 tarih ve 24108 say\u0131l\u0131 R.Gazete) Yang\u0131n merdivenleri Kat alan\u0131 150 m2\u2019den fazla ve birden fazla kat\u0131 olan umumi binalarda,kat adedi 4\u2019ten fazla olan t\u00fcm yap\u0131larda yang\u0131n merdiveni yap\u0131lmas\u0131 zorunludur.Yap\u0131 sahibince istenirse daha az katl\u0131 yap\u0131larda da yang\u0131n merdiveni yap\u0131l\u0131r. Yang\u0131n merdiveni kitle i\u00e7inde veya d\u0131\u015f\u0131nda kom\u015fu parsel s\u0131n\u0131r\u0131na (1.50)m. den daha fazlayakla\u015fmamak kayd\u0131yla a\u00e7\u0131k veya kapal\u0131,y\u00fcksek katl\u0131 binalarda tamamen kapal\u0131 olarak d\u00fczenlenir.Ancak,ilgili idarenin izni al\u0131narak a\u00e7\u0131k da yap\u0131labilir. Kargir veya betonarme olarak ilgili standartlara uygun,yang\u0131na dayan\u0131kl\u0131 ve kaygan olmayan malzemeden in\u015fa edilen yang\u0131n merdivenleri kitle i\u00e7inde tertiplendi\u011finde \u0131s\u0131ya ve dumana kar\u015f\u0131 yal\u0131t\u0131lm\u0131\u015f,kapal\u0131 bir hacimde d\u00fczenlenir. Yang\u0131n merdivenleri,\u00e7at\u0131 ve tabi zemine ula\u015facak ve ka\u00e7\u0131\u015f emniyetini sa\u011flayacak \u015fekilde tesis edilir. Yang\u0131n merdiveninin,geni\u015fli\u011fi,umumi ve y\u00fcksek katl\u0131 binalarda (1.20)m\u2019den, di\u011fer binalarda (0.90)m\u2019den az olamaz. Basamak geni\u015fli\u011fi(0.25)m\u2019den az,y\u00fcksekli\u011fi (0.18)m\u2019den fazla olamaz Merdiven basamaklar\u0131n\u0131n her iki taraf\u0131nda yang\u0131na dayan\u0131kl\u0131 malzemeden yap\u0131lm\u0131\u015f korkuluk ve k\u00fcpe\u015fte bulunur.<\/div>\n<div><\/div>\n<div><b>b) Ka\u00e7\u0131\u015f yollar\u0131<\/b><\/div>\n<div><\/div>\n<div>Yap\u0131da tahliye an\u0131nda yang\u0131n merdivenine ve \u00e7\u0131k\u0131\u015fa ula\u015f\u0131lmas\u0131n\u0131 sa\u011flayan y\u00fcksek katl\u0131 ve umumi binalarda herhangi bir genel \u00e7\u0131k\u0131\u015ftan ayr\u0131 olarak d\u00fczenlenen,\u0131\u015f\u0131kl\u0131 ve sesli y\u00f6nlendirme elemanlar\u0131n\u0131n bulundu\u011fu ka\u00e7\u0131\u015f yollar\u0131 tesis edilmesi zorunludur.<\/div>\n<div><\/div>\n<div>Yang\u0131n merdivenlerine yap\u0131n\u0131n en uzak noktas\u0131ndan ula\u015f\u0131m mesafesi 30 m.yi ge\u00e7emez. Yang\u0131n merdiveni yap\u0131lmas\u0131 zorunlu olmayan umumi binalarda da ka\u00e7\u0131\u015f yollar\u0131 tesis edilir.<\/div>\n<div><\/div>\n<div><b>c) Kap\u0131lar<\/b><\/div>\n<div><\/div>\n<div>Yang\u0131n merdivenine ka\u00e7\u0131\u015f yollar\u0131na a\u00e7\u0131lan kap\u0131 kanatlar\u0131n\u0131n ka\u00e7\u0131\u015f y\u00f6n\u00fcne a\u00e7\u0131lacak, kendili\u011finden kapanacak, duman s\u0131zd\u0131rmayacak \u015fekilde ve \u0131s\u0131ya dayan\u0131kl\u0131 malzemeden tesis edilmesi gerekir.Bu kap\u0131larda e\u015fik yap\u0131lamaz.<\/div>\n<div><\/div>\n<div><b>d)(De\u011fi\u015fik:13\/7\/2000 tarih ve 24108 say\u0131l\u0131 R.Gazete) Yang\u0131n dolab\u0131<\/b><\/div>\n<div><\/div>\n<div>Kat alan\u0131 150 m2\u2019den fazla ve birden fazla kat\u0131 olan umumi binalarda ve iskan edilsin veya edilmesin bodrum katlar dahil 5 ve daha fazla katl\u0131 binalarda her katta yang\u0131n muslu\u011fu ve donat\u0131s\u0131 olan bir yang\u0131n dolab\u0131 yap\u0131lmas\u0131 zorunludur.Kat alan\u0131(800)m2\u2019nin \u00fczerindeki binalarda ise her katta en az 2 yang\u0131n dolab\u0131 olacakt\u0131r. Yang\u0131n musluklar\u0131,hacimleri 50 nci maddede belirlenen su depolar\u0131 ile irtibatl\u0131d\u0131r.<\/div>\n<div><\/div>\n<div><b>e) Di\u011fer \u00f6nlemler<\/b><\/div>\n<div><\/div>\n<div>Bina d\u0131\u015f\u0131nda ana caddeden ula\u015f\u0131labilecek en uygun yerde itfaiyenin kendi arac\u0131ndan su ba\u011flant\u0131s\u0131 yapabilece\u011fi boru sistemi tesis edilir. Umu\u0131mi binalar ve t\u00fcm y\u00fcksek katl\u0131 binalarda \u00f6z\u00fcrl\u00fc, ya\u015fl\u0131 ve \u00e7ocuklar\u0131n yang\u0131ndan ka\u00e7\u0131\u015f\u0131n\u0131 sa\u011flayan \u0131s\u0131ya dayan\u0131kl\u0131 malzemeden imal edilmi\u015f yang\u0131n ka\u00e7\u0131\u015f hortumu ve bu gibi \u00f6nlemler al\u0131n\u0131r. Biti\u015fik nizama tabi parsellerde kom\u015fu parseldeki yap\u0131yla ortak yang\u0131n merdiveni d\u00fczenlenebilir. Bu maddede yer almayan teknik hususlarda 4\/11\/1995 tarihli ve 22453 say\u0131l\u0131 resmi gazetede\u201dkamu binalar\u0131n\u0131n yang\u0131ndan korunmas\u0131 hakk\u0131nda y\u00f6netmelik\u201d h\u00fck\u00fcmlerine uyulur.<\/div>\n<div><\/div>\n<div><b>Korkuluklar<\/b><\/div>\n<div><b>\u00a0<\/b><\/div>\n<div><b>Madde 46 \u2013 Her t\u00fcrl\u00fc binada:<\/b><\/div>\n<div><\/div>\n<div>Balkon ve teras etraf\u0131nda,5 den fazla basama\u011f\u0131 bulunan a\u00e7\u0131k merdivenlerde kotu (0.90)m.den az olan pencere bo\u015fluklar\u0131nda,d\u00f6\u015feme kotundan itibaren en az (0.90)m.y\u00fcksekli\u011fe kadar,fenni icaplara uygun olarak korkuluk yap\u0131lmas\u0131 mecburidir.<\/div>\n<div><\/div>\n<div><b>Su depolar\u0131 ve s\u0131hhi tesisler ve fosseptikler<\/b><\/div>\n<div><\/div>\n<div>Madde 50 \u2013 (De\u011fi\u015fik:12\/8\/1987 tarih ve 19542 say\u0131l\u0131 R.Gazete)<\/div>\n<div><\/div>\n<div>(De\u011fi\u015fik:13\/7\/2000 tarih ve 24108 say\u0131l\u0131 R.Gazete) Bu y\u00f6netmelikte belirtilen umumi yap\u0131larda ve y\u00fcksek katl\u0131 yap\u0131larda 15 m3\u2019alt\u0131nda olmamak \u00fczere,yap\u0131n\u0131n kullanma amac\u0131,g\u00fcnl\u00fck su ihtiyac\u0131,se\u00e7ilen yang\u0131n s\u00f6nd\u00fcrme sistemi gibi kriterlere ve ulusal ve uluslararas\u0131 standartlara uyulmak ve gerekli drenaj ve yal\u0131t\u0131mtedbirleri al\u0131nmak \u015fart\u0131yla hacmi belirlenen su deposu bulun durulmas\u0131 zorunludur.Di\u011fer konut tipi binalarda ise yeterli b\u00fcy\u00fckl\u00fckte su deposu ve hidrofor yeri ayr\u0131l\u0131r,yap\u0131 sahibinin iste\u011fine ba\u011fl\u0131 olarak mekanik tesisat projelerine i\u015flenerek tesis edilir.Su depolar\u0131,gerekli drenaj ve yal\u0131t\u0131m tedbirleri al\u0131narak binan\u0131n bodrum yada \u00e7at\u0131 kat\u0131nda tertiplenece\u011fi gibi,ayn\u0131 ko\u015fullar\u0131 ta\u015f\u0131mak \u015fart\u0131yla,bina alan\u0131 d\u0131\u015f\u0131nda \u00f6n,yan ve arka bah\u00e7elerde topra\u011fa g\u00f6m\u00fcl\u00fc \u015fekildede yerle\u015ftirilebilir.<\/div>\n<\/div>\n<\/div>\n<\/div>\n<\/div>\n[\/vc_column_text][\/vc_column][\/vc_row][vc_row thb_full_width=&#8221;true&#8221; thb_row_padding=&#8221;true&#8221; thb_column_padding=&#8221;true&#8221; content_placement=&#8221;middle&#8221;][vc_column thb_color=&#8221;thb-light-column&#8221; width=&#8221;1\/2&#8243; el_class=&#8221;text-center&#8221; css=&#8221;.vc_custom_1733849658452{padding-top: 25% !important;padding-right: 5% !important;padding-bottom: 25% !important;padding-left: 5% !important;background: #23211f url(https:\/\/www.bosphoruscity.net\/tr\/wp-content\/uploads\/2024\/10\/b1.jpg?id=237) !important;background-position: center !important;background-repeat: no-repeat !important;background-size: cover !important;}&#8221;]\t<div id=\"thb-slidetype-69ed0a2cdec20\" class=\"thb-slidetype \" data-style=\"style2\">\n\t\t\n<h1><span class=\"thb-slidetype-entry\"><span class=\"lines\">\u0130leti\u015fim<\/span><\/span><\/h1>\n\t\t\t<\/div>\n\n\t[vc_empty_space height=&#8221;30px&#8221;]\t<a id=\"thb-button-69ed0a2cded2b\" class=\"btn style2 medium  white pill-radius animation left-to-right-3d   \" href=\"https:\/\/www.bosphoruscity.net\/tr\/iletisim\/\" target=\"_self\" role=\"button\">\n\t\t<span>\u0130leti\u015fim<\/span>\n\t\t\t<\/a>\n\t\t[\/vc_column][vc_column thb_color=&#8221;thb-light-column&#8221; width=&#8221;1\/2&#8243; el_class=&#8221;text-center&#8221; css=&#8221;.vc_custom_1733849675772{padding-top: 25% !important;padding-right: 5% !important;padding-bottom: 25% !important;padding-left: 5% !important;background: #443222 url(https:\/\/www.bosphoruscity.net\/tr\/wp-content\/uploads\/2024\/10\/b4.jpg?id=240) !important;background-position: center !important;background-repeat: no-repeat !important;background-size: cover !important;}&#8221;]\t<div id=\"thb-slidetype-69ed0a2cdeddb\" class=\"thb-slidetype \" data-style=\"style2\">\n\t\t\n<h1><span class=\"thb-slidetype-entry\"><span class=\"lines\">Site Sakini Giri\u015fi<\/span><\/span><\/h1>\n\t\t\t<\/div>\n\n\t[vc_empty_space height=&#8221;30px&#8221;]\t<a id=\"thb-button-69ed0a2cdee46\" class=\"btn style2 medium  white pill-radius animation right-to-left-3d   \" href=\"#\" target=\"_self\" role=\"button\">\n\t\t<span>Giri\u015f Yap<\/span>\n\t\t\t<\/a>\n\t\t[\/vc_column][\/vc_row]\n","protected":false},"excerpt":{"rendered":"<p>[vc_row thb_full_width=&#8221;true&#8221; thb_row_padding=&#8221;true&#8221; thb_column_padding=&#8221;true&#8221; content_placement=&#8221;middle&#8221; thb_scroll_bottom=&#8221;true&#8221; thb_scroll_bottom_style=&#8221;style3&#8243; thb_scroll_bottom_color=&#8221;light&#8221; css=&#8221;.vc_custom_1732232881889{padding-top: 30vh !important;padding-bottom: 25vh !important;background-image: url(https:\/\/croncreative.com\/bosphoruscity\/wp-content\/uploads\/2024\/10\/biosp2.jpg?id=306) !important;background-position: center !important;background-repeat: no-repeat !important;background-size: cover !important;}&#8221;][vc_column thb_color=&#8221;thb-light-column&#8221;][vc_row_inner][vc_column_inner offset=&#8221;vc_col-lg-5 vc_col-md-8&#8243;][\/vc_column_inner][\/vc_row_inner][\/vc_column][\/vc_row][vc_row el_class=&#8221;align-center&#8221; css=&#8221;.vc_custom_1517737245068{padding-top: 15vh !important;padding-bottom: 5vh !important;}&#8221;][vc_column width=&#8221;1\/2&#8243; offset=&#8221;vc_col-lg-5 vc_col-md-5&#8243;][\/vc_column][vc_column width=&#8221;1\/2&#8243;][\/vc_column][\/vc_row][vc_row][vc_column width=&#8221;1\/2&#8243;][vc_empty_space][\/vc_column][vc_column width=&#8221;1\/2&#8243;][vc_column_text] BELED\u0130YE VE M\u00dcCAV\u0130R ALAN SINIRLARI \u0130\u00c7\u0130NDE VE DI\u015eINDA \u0130MAR PLANI BULUNMAYAN ALANLARDA UYGULANACAK \u0130MAR Y\u00d6NETMEL\u0130\u011e\u0130 Esasl\u0131 tamirler Madde 40&hellip;<\/p>\n","protected":false},"author":1,"featured_media":0,"parent":0,"menu_order":0,"comment_status":"closed","ping_status":"closed","template":"","meta":{"footnotes":""},"class_list":["post-463","page","type-page","status-publish","hentry"],"_links":{"self":[{"href":"https:\/\/www.bosphoruscity.net\/tr\/wp-json\/wp\/v2\/pages\/463","targetHints":{"allow":["GET"]}}],"collection":[{"href":"https:\/\/www.bosphoruscity.net\/tr\/wp-json\/wp\/v2\/pages"}],"about":[{"href":"https:\/\/www.bosphoruscity.net\/tr\/wp-json\/wp\/v2\/types\/page"}],"author":[{"embeddable":true,"href":"https:\/\/www.bosphoruscity.net\/tr\/wp-json\/wp\/v2\/users\/1"}],"replies":[{"embeddable":true,"href":"https:\/\/www.bosphoruscity.net\/tr\/wp-json\/wp\/v2\/comments?post=463"}],"version-history":[{"count":3,"href":"https:\/\/www.bosphoruscity.net\/tr\/wp-json\/wp\/v2\/pages\/463\/revisions"}],"predecessor-version":[{"id":682,"href":"https:\/\/www.bosphoruscity.net\/tr\/wp-json\/wp\/v2\/pages\/463\/revisions\/682"}],"wp:attachment":[{"href":"https:\/\/www.bosphoruscity.net\/tr\/wp-json\/wp\/v2\/media?parent=463"}],"curies":[{"name":"wp","href":"https:\/\/api.w.org\/{rel}","templated":true}]}}