{"id":472,"date":"2024-11-22T00:52:25","date_gmt":"2024-11-22T00:52:25","guid":{"rendered":"https:\/\/croncreative.com\/bosphoruscity\/?page_id=472"},"modified":"2024-12-10T16:55:39","modified_gmt":"2024-12-10T16:55:39","slug":"is-suresi-tuzugu","status":"publish","type":"page","link":"https:\/\/www.bosphoruscity.net\/tr\/is-suresi-tuzugu\/","title":{"rendered":"\u0130\u015f S\u00fcresi T\u00fcz\u00fc\u011f\u00fc"},"content":{"rendered":"[vc_row thb_full_width=&#8221;true&#8221; thb_row_padding=&#8221;true&#8221; thb_column_padding=&#8221;true&#8221; content_placement=&#8221;middle&#8221; thb_scroll_bottom=&#8221;true&#8221; thb_scroll_bottom_style=&#8221;style3&#8243; thb_scroll_bottom_color=&#8221;light&#8221; css=&#8221;.vc_custom_1733849726440{padding-top: 30vh !important;padding-bottom: 25vh !important;background-image: url(https:\/\/www.bosphoruscity.net\/tr\/wp-content\/uploads\/2024\/10\/biosp2.jpg?id=306) !important;background-position: center !important;background-repeat: no-repeat !important;background-size: cover !important;}&#8221;][vc_column thb_color=&#8221;thb-light-column&#8221;][vc_row_inner][vc_column_inner offset=&#8221;vc_col-lg-5 vc_col-md-8&#8243;][\/vc_column_inner][\/vc_row_inner][\/vc_column][\/vc_row][vc_row el_class=&#8221;align-center&#8221; css=&#8221;.vc_custom_1517737245068{padding-top: 15vh !important;padding-bottom: 5vh !important;}&#8221;][vc_column width=&#8221;1\/2&#8243; offset=&#8221;vc_col-lg-5 vc_col-md-5&#8243;]\t<div id=\"thb-slidetype-69ed0a937e985\" class=\"thb-slidetype \" data-style=\"style1\">\n\t\t\n<h2><span class=\"thb-slidetype-entry\"><span class=\"lines\"><br \/>\n\u0130\u015f S\u00fcresi T\u00fcz\u00fc\u011f\u00fc<\/span><\/span><\/h2>\n\t\t\t<\/div>\n\n\t[\/vc_column][vc_column width=&#8221;1\/2&#8243;][\/vc_column][\/vc_row][vc_row][vc_column width=&#8221;1\/2&#8243;]\t<div class=\"thb-page-menu-container\">\n\t\t<ul id=\"menu-mevzuat\" class=\"thb-page-menu style2\"><li id=\"menu-item-423\" class=\"menu-item menu-item-type-post_type menu-item-object-page menu-item-423\"><a href=\"https:\/\/www.bosphoruscity.net\/tr\/kat-mulkiyeti-kanunu\/\"><span>Kat M\u00fclkiyeti Kanunu<\/span><i class=\"fa fa-angle-right\"><\/i><\/a><\/li>\n<li id=\"menu-item-435\" class=\"menu-item menu-item-type-post_type menu-item-object-page menu-item-435\"><a href=\"https:\/\/www.bosphoruscity.net\/tr\/tebligat-kanunu\/\"><span>Tebligat Kanunu<\/span><i class=\"fa fa-angle-right\"><\/i><\/a><\/li>\n<li id=\"menu-item-439\" class=\"menu-item menu-item-type-post_type menu-item-object-page menu-item-439\"><a href=\"https:\/\/www.bosphoruscity.net\/tr\/borclar-kanunu\/\"><span>Bor\u00e7lar Kanunu<\/span><i class=\"fa fa-angle-right\"><\/i><\/a><\/li>\n<li id=\"menu-item-444\" class=\"menu-item menu-item-type-post_type menu-item-object-page menu-item-444\"><a href=\"https:\/\/www.bosphoruscity.net\/tr\/ceza-kanunu\/\"><span>Ceza Kanunu<\/span><i class=\"fa fa-angle-right\"><\/i><\/a><\/li>\n<li id=\"menu-item-448\" class=\"menu-item menu-item-type-post_type menu-item-object-page menu-item-448\"><a href=\"https:\/\/www.bosphoruscity.net\/tr\/imar-kanunu\/\"><span>\u0130mar Kanunu<\/span><i class=\"fa fa-angle-right\"><\/i><\/a><\/li>\n<li id=\"menu-item-451\" class=\"menu-item menu-item-type-post_type menu-item-object-page menu-item-451\"><a href=\"https:\/\/www.bosphoruscity.net\/tr\/sosyal-sigortalar-kanunu\/\"><span>Sosyal Sigortalar Kanunu<\/span><i class=\"fa fa-angle-right\"><\/i><\/a><\/li>\n<li id=\"menu-item-455\" class=\"menu-item menu-item-type-post_type menu-item-object-page menu-item-455\"><a href=\"https:\/\/www.bosphoruscity.net\/tr\/is-kanunu\/\"><span>\u0130\u015f Kanunu<\/span><i class=\"fa fa-angle-right\"><\/i><\/a><\/li>\n<li id=\"menu-item-459\" class=\"menu-item menu-item-type-post_type menu-item-object-page menu-item-459\"><a href=\"https:\/\/www.bosphoruscity.net\/tr\/asansor-yonetmeligi\/\"><span>Asans\u00f6r Y\u00f6netmeli\u011fi<\/span><i class=\"fa fa-angle-right\"><\/i><\/a><\/li>\n<li id=\"menu-item-464\" class=\"menu-item menu-item-type-post_type menu-item-object-page menu-item-464\"><a href=\"https:\/\/www.bosphoruscity.net\/tr\/ucretli-izin-yonetmeligi\/\"><span>\u00dccretli \u0130zin Y\u00f6netmeli\u011fi<\/span><i class=\"fa fa-angle-right\"><\/i><\/a><\/li>\n<li id=\"menu-item-467\" class=\"menu-item menu-item-type-post_type menu-item-object-page menu-item-467\"><a href=\"https:\/\/www.bosphoruscity.net\/tr\/imar-yonetmeligi\/\"><span>\u0130mar Y\u00f6netmeli\u011fi<\/span><i class=\"fa fa-angle-right\"><\/i><\/a><\/li>\n<li id=\"menu-item-471\" class=\"menu-item menu-item-type-post_type menu-item-object-page menu-item-471\"><a href=\"https:\/\/www.bosphoruscity.net\/tr\/konut-kapicilari-tuzugu\/\"><span>Konut Kap\u0131c\u0131lar\u0131 T\u00fcz\u00fc\u011f\u00fc<\/span><i class=\"fa fa-angle-right\"><\/i><\/a><\/li>\n<li id=\"menu-item-475\" class=\"menu-item menu-item-type-post_type menu-item-object-page menu-item-475\"><a href=\"https:\/\/www.bosphoruscity.net\/tr\/is-suresi-tuzugu\/\"><span>\u0130\u015f S\u00fcresi T\u00fcz\u00fc\u011f\u00fc<\/span><i class=\"fa fa-angle-right\"><\/i><\/a><\/li>\n<\/ul>\t<\/div>\n\t[vc_empty_space][\/vc_column][vc_column width=&#8221;1\/2&#8243;][vc_column_text]\n<div>Madde 1 \u2013 \u0130\u015f s\u00fcrelerinin uygulanmas\u0131na ili\u015fkin esaslar,bu t\u00fcz\u00fckte g\u00f6sterilmi\u015ftir.<\/div>\n<div><\/div>\n<div><b>\u0130\u015f s\u00fcresi<\/b><\/div>\n<div><\/div>\n<div>Madde 2 \u2013 \u0130\u015f s\u00fcresi,i\u015f\u00e7inin \u00e7al\u0131\u015ft\u0131r\u0131ld\u0131\u011f\u0131 i\u015fte ge\u00e7irdi\u011fi s\u00fcredir.\u0130\u015f kanunun 62.Maddesinin birinci f\u0131kras\u0131nda yaz\u0131l\u0131 s\u00fcreler de i\u015f s\u00fcresinden say\u0131l\u0131r.Ayn\u0131 kanunun 64 \u00fcnc\u00fc maddesi uyar\u0131nca verilen ara dinlenmeleri ise,i\u015f s\u00fcresinden say\u0131lmaz.<\/div>\n<div><\/div>\n<div><b>Haftal\u0131k ve g\u00fcnl\u00fck i\u015f s\u00fcresi<\/b><\/div>\n<div><\/div>\n<div>Madde 4 \u2013 Genel bak\u0131mda,i\u015f s\u00fcresi haftada en \u00e7ok 45 saattir.<\/div>\n<div><\/div>\n<div><b>G\u00fcnl\u00fck i\u015f s\u00fcresi:<\/b><\/div>\n<div><\/div>\n<div>a) Haftan\u0131n 6 i\u015f g\u00fcn\u00fcnde \u00e7al\u0131\u015f\u0131lan i\u015f yerlerinde 7,5 saati,<\/div>\n<div><\/div>\n<div>b) Cumartesi g\u00fcnleride tatil edilmek suretiyle haftada 5 i\u015f g\u00fcn\u00fc \u00e7al\u0131\u015f\u0131lan i\u015f yerlerinde 9 saati,<\/div>\n<div><\/div>\n<div>c) Cumartesi g\u00fcn\u00fc k\u0131smen tatil edilen i\u015f yerlerinde,Cumartesi g\u00fcn\u00fc \u00e7al\u0131\u015f\u0131lan s\u00fcre 45 saatten \u00e7\u0131kar\u0131ld\u0131ktan sonra,kalan\u0131n be\u015fe b\u00f6l\u00fcnmesiyle bulunacak s\u00fcreyi,ge\u00e7emez.<\/div>\n<div><\/div>\n<div>Bir i\u015f\u00e7inin bu s\u0131n\u0131rlar\u0131 a\u015fan s\u00fcrelerde \u00e7al\u0131\u015ft\u0131r\u0131lmas\u0131nda;<\/div>\n<div><\/div>\n<div>a) \u0130\u015f kanunu\u2019nun 36 ve 37 nci,10\/9\/1960 g\u00fcnl\u00fc ve 79 say\u0131l\u0131 kanunun 6 \u0131nc\u0131 maddeleri<\/div>\n<div><\/div>\n<div>b) \u0130\u015f kanunu\u2019nun 35,66 ve 72 nci maddesine dayan\u0131larak \u00e7\u0131kar\u0131lan t\u00fcz\u00fckler.<\/div>\n[\/vc_column_text][\/vc_column][\/vc_row][vc_row thb_full_width=&#8221;true&#8221; thb_row_padding=&#8221;true&#8221; thb_column_padding=&#8221;true&#8221; content_placement=&#8221;middle&#8221;][vc_column thb_color=&#8221;thb-light-column&#8221; width=&#8221;1\/2&#8243; el_class=&#8221;text-center&#8221; css=&#8221;.vc_custom_1733849732529{padding-top: 25% !important;padding-right: 5% !important;padding-bottom: 25% !important;padding-left: 5% !important;background: #23211f url(https:\/\/www.bosphoruscity.net\/tr\/wp-content\/uploads\/2024\/10\/b1.jpg?id=237) !important;background-position: center !important;background-repeat: no-repeat !important;background-size: cover !important;}&#8221;]\t<div id=\"thb-slidetype-69ed0a9383483\" class=\"thb-slidetype \" data-style=\"style2\">\n\t\t\n<h1><span class=\"thb-slidetype-entry\"><span class=\"lines\">\u0130leti\u015fim<\/span><\/span><\/h1>\n\t\t\t<\/div>\n\n\t[vc_empty_space height=&#8221;30px&#8221;]\t<a id=\"thb-button-69ed0a9383574\" class=\"btn style2 medium  white pill-radius animation left-to-right-3d   \" href=\"https:\/\/croncreative.com\/bosphoruscity\/iletisim\/\" target=\"_self\" role=\"button\">\n\t\t<span>\u0130leti\u015fim<\/span>\n\t\t\t<\/a>\n\t\t[\/vc_column][vc_column thb_color=&#8221;thb-light-column&#8221; width=&#8221;1\/2&#8243; el_class=&#8221;text-center&#8221; css=&#8221;.vc_custom_1733849738041{padding-top: 25% !important;padding-right: 5% !important;padding-bottom: 25% !important;padding-left: 5% !important;background: #443222 url(https:\/\/www.bosphoruscity.net\/tr\/wp-content\/uploads\/2024\/10\/b4.jpg?id=240) !important;background-position: center !important;background-repeat: no-repeat !important;background-size: cover !important;}&#8221;]\t<div id=\"thb-slidetype-69ed0a938360a\" class=\"thb-slidetype \" data-style=\"style2\">\n\t\t\n<h1><span class=\"thb-slidetype-entry\"><span class=\"lines\">Site Sakini Giri\u015fi<\/span><\/span><\/h1>\n\t\t\t<\/div>\n\n\t[vc_empty_space height=&#8221;30px&#8221;]\t<a id=\"thb-button-69ed0a9383660\" class=\"btn style2 medium  white pill-radius animation right-to-left-3d   \" href=\"#\" target=\"_self\" role=\"button\">\n\t\t<span>Giri\u015f Yap<\/span>\n\t\t\t<\/a>\n\t\t[\/vc_column][\/vc_row]\n","protected":false},"excerpt":{"rendered":"<p>[vc_row thb_full_width=&#8221;true&#8221; thb_row_padding=&#8221;true&#8221; thb_column_padding=&#8221;true&#8221; content_placement=&#8221;middle&#8221; thb_scroll_bottom=&#8221;true&#8221; thb_scroll_bottom_style=&#8221;style3&#8243; thb_scroll_bottom_color=&#8221;light&#8221; css=&#8221;.vc_custom_1733849726440{padding-top: 30vh !important;padding-bottom: 25vh !important;background-image: url(https:\/\/www.bosphoruscity.net\/tr\/wp-content\/uploads\/2024\/10\/biosp2.jpg?id=306) !important;background-position: center !important;background-repeat: no-repeat !important;background-size: cover !important;}&#8221;][vc_column thb_color=&#8221;thb-light-column&#8221;][vc_row_inner][vc_column_inner offset=&#8221;vc_col-lg-5 vc_col-md-8&#8243;][\/vc_column_inner][\/vc_row_inner][\/vc_column][\/vc_row][vc_row el_class=&#8221;align-center&#8221; css=&#8221;.vc_custom_1517737245068{padding-top: 15vh !important;padding-bottom: 5vh !important;}&#8221;][vc_column width=&#8221;1\/2&#8243; offset=&#8221;vc_col-lg-5 vc_col-md-5&#8243;][\/vc_column][vc_column width=&#8221;1\/2&#8243;][\/vc_column][\/vc_row][vc_row][vc_column width=&#8221;1\/2&#8243;][vc_empty_space][\/vc_column][vc_column width=&#8221;1\/2&#8243;][vc_column_text] Madde 1 \u2013 \u0130\u015f s\u00fcrelerinin uygulanmas\u0131na ili\u015fkin esaslar,bu t\u00fcz\u00fckte g\u00f6sterilmi\u015ftir. \u0130\u015f s\u00fcresi Madde 2 \u2013 \u0130\u015f s\u00fcresi,i\u015f\u00e7inin \u00e7al\u0131\u015ft\u0131r\u0131ld\u0131\u011f\u0131 i\u015fte&hellip;<\/p>\n","protected":false},"author":1,"featured_media":0,"parent":0,"menu_order":0,"comment_status":"closed","ping_status":"closed","template":"","meta":{"footnotes":""},"class_list":["post-472","page","type-page","status-publish","hentry"],"_links":{"self":[{"href":"https:\/\/www.bosphoruscity.net\/tr\/wp-json\/wp\/v2\/pages\/472","targetHints":{"allow":["GET"]}}],"collection":[{"href":"https:\/\/www.bosphoruscity.net\/tr\/wp-json\/wp\/v2\/pages"}],"about":[{"href":"https:\/\/www.bosphoruscity.net\/tr\/wp-json\/wp\/v2\/types\/page"}],"author":[{"embeddable":true,"href":"https:\/\/www.bosphoruscity.net\/tr\/wp-json\/wp\/v2\/users\/1"}],"replies":[{"embeddable":true,"href":"https:\/\/www.bosphoruscity.net\/tr\/wp-json\/wp\/v2\/comments?post=472"}],"version-history":[{"count":3,"href":"https:\/\/www.bosphoruscity.net\/tr\/wp-json\/wp\/v2\/pages\/472\/revisions"}],"predecessor-version":[{"id":504,"href":"https:\/\/www.bosphoruscity.net\/tr\/wp-json\/wp\/v2\/pages\/472\/revisions\/504"}],"wp:attachment":[{"href":"https:\/\/www.bosphoruscity.net\/tr\/wp-json\/wp\/v2\/media?parent=472"}],"curies":[{"name":"wp","href":"https:\/\/api.w.org\/{rel}","templated":true}]}}